{"id":97061,"date":"2021-01-22T23:16:58","date_gmt":"2021-01-22T23:16:58","guid":{"rendered":"https:\/\/ifoffice.pt\/produto\/import-placeholder-for-26588\/"},"modified":"2026-03-02T11:19:04","modified_gmt":"2026-03-02T11:19:04","slug":"spray-de-limpeza-250-ml","status":"publish","type":"product","link":"https:\/\/ifoffice.pt\/?product=spray-de-limpeza-250-ml","title":{"rendered":"Spray de limpeza 250 ml"},"content":{"rendered":"<p>Dissolvente de alto poder de limpeza. Elimina todos os res\u00edduos de p\u00f3 e tinta seca, protegendo a superf\u00edcie do quadro branco. Conte\u00fado: 250 ml. A embalagem.<\/p>\n","protected":false},"excerpt":{"rendered":"<p>Spray de limpeza 250 ml<\/p>\n","protected":false},"featured_media":130394,"comment_status":"closed","ping_status":"closed","template":"","meta":{"neve_meta_sidebar":"","neve_meta_container":"","neve_meta_enable_content_width":"off","neve_meta_content_width":100,"neve_meta_title_alignment":"","neve_meta_author_avatar":"","neve_post_elements_order":"","neve_meta_disable_header":"","neve_meta_disable_footer":"","neve_meta_disable_title":""},"product_brand":[],"product_cat":[1908],"product_tag":[1560],"class_list":{"0":"post-97061","1":"product","2":"type-product","3":"status-publish","4":"has-post-thumbnail","6":"product_cat-acessorios-para-quadros","7":"product_tag-limpadores","9":"first","10":"instock","11":"taxable","12":"shipping-taxable","13":"purchasable","14":"product-type-simple"},"_links":{"self":[{"href":"https:\/\/ifoffice.pt\/index.php?rest_route=\/wp\/v2\/product\/97061","targetHints":{"allow":["GET"]}}],"collection":[{"href":"https:\/\/ifoffice.pt\/index.php?rest_route=\/wp\/v2\/product"}],"about":[{"href":"https:\/\/ifoffice.pt\/index.php?rest_route=\/wp\/v2\/types\/product"}],"replies":[{"embeddable":true,"href":"https:\/\/ifoffice.pt\/index.php?rest_route=%2Fwp%2Fv2%2Fcomments&post=97061"}],"wp:featuredmedia":[{"embeddable":true,"href":"https:\/\/ifoffice.pt\/index.php?rest_route=\/wp\/v2\/media\/130394"}],"wp:attachment":[{"href":"https:\/\/ifoffice.pt\/index.php?rest_route=%2Fwp%2Fv2%2Fmedia&parent=97061"}],"wp:term":[{"taxonomy":"product_brand","embeddable":true,"href":"https:\/\/ifoffice.pt\/index.php?rest_route=%2Fwp%2Fv2%2Fproduct_brand&post=97061"},{"taxonomy":"product_cat","embeddable":true,"href":"https:\/\/ifoffice.pt\/index.php?rest_route=%2Fwp%2Fv2%2Fproduct_cat&post=97061"},{"taxonomy":"product_tag","embeddable":true,"href":"https:\/\/ifoffice.pt\/index.php?rest_route=%2Fwp%2Fv2%2Fproduct_tag&post=97061"}],"curies":[{"name":"wp","href":"https:\/\/api.w.org\/{rel}","templated":true}]}}