{"id":97050,"date":"2021-01-22T23:16:56","date_gmt":"2021-01-22T23:16:56","guid":{"rendered":"https:\/\/ifoffice.pt\/produto\/import-placeholder-for-26698\/"},"modified":"2026-02-23T13:32:00","modified_gmt":"2026-02-23T13:32:00","slug":"cisalha-mr-metalica-com-alavanca-de-26-cm","status":"publish","type":"product","link":"https:\/\/ifoffice.pt\/?product=cisalha-mr-metalica-com-alavanca-de-26-cm","title":{"rendered":"Cisalha m+r metalica com alavanca de 26 cm"},"content":{"rendered":"<p>Com base robusta em alum\u00ednio, l\u00e2mina inferior em a\u00e7o temperado, com vareta para proteger os dedos e linhas marcadas em cent\u00edmetros e polegadas, apta para formatos Din. Capacidade de corte: 8 folhas.<\/p>\n","protected":false},"excerpt":{"rendered":"<p>Cisalha m+r metalica com alavanca de 26 cm<\/p>\n","protected":false},"featured_media":131487,"comment_status":"closed","ping_status":"closed","template":"","meta":{"neve_meta_sidebar":"","neve_meta_container":"","neve_meta_enable_content_width":"off","neve_meta_content_width":0,"neve_meta_title_alignment":"","neve_meta_author_avatar":"","neve_post_elements_order":"","neve_meta_disable_header":"","neve_meta_disable_footer":"","neve_meta_disable_title":""},"product_brand":[],"product_cat":[1878],"product_tag":[1405],"class_list":{"0":"post-97050","1":"product","2":"type-product","3":"status-publish","4":"has-post-thumbnail","6":"product_cat-cisalhas-e-guilhotinas","7":"product_tag-alavanca","9":"first","10":"instock","11":"taxable","12":"shipping-taxable","13":"purchasable","14":"product-type-simple"},"_links":{"self":[{"href":"https:\/\/ifoffice.pt\/index.php?rest_route=\/wp\/v2\/product\/97050","targetHints":{"allow":["GET"]}}],"collection":[{"href":"https:\/\/ifoffice.pt\/index.php?rest_route=\/wp\/v2\/product"}],"about":[{"href":"https:\/\/ifoffice.pt\/index.php?rest_route=\/wp\/v2\/types\/product"}],"replies":[{"embeddable":true,"href":"https:\/\/ifoffice.pt\/index.php?rest_route=%2Fwp%2Fv2%2Fcomments&post=97050"}],"wp:featuredmedia":[{"embeddable":true,"href":"https:\/\/ifoffice.pt\/index.php?rest_route=\/wp\/v2\/media\/131487"}],"wp:attachment":[{"href":"https:\/\/ifoffice.pt\/index.php?rest_route=%2Fwp%2Fv2%2Fmedia&parent=97050"}],"wp:term":[{"taxonomy":"product_brand","embeddable":true,"href":"https:\/\/ifoffice.pt\/index.php?rest_route=%2Fwp%2Fv2%2Fproduct_brand&post=97050"},{"taxonomy":"product_cat","embeddable":true,"href":"https:\/\/ifoffice.pt\/index.php?rest_route=%2Fwp%2Fv2%2Fproduct_cat&post=97050"},{"taxonomy":"product_tag","embeddable":true,"href":"https:\/\/ifoffice.pt\/index.php?rest_route=%2Fwp%2Fv2%2Fproduct_tag&post=97050"}],"curies":[{"name":"wp","href":"https:\/\/api.w.org\/{rel}","templated":true}]}}