{"id":96957,"date":"2021-01-22T23:16:07","date_gmt":"2021-01-22T23:16:07","guid":{"rendered":"https:\/\/ifoffice.pt\/produto\/import-placeholder-for-26992\/"},"modified":"2026-02-23T13:31:52","modified_gmt":"2026-02-23T13:31:52","slug":"corretor-caneta-tipp-ex-ponta-metalica-fina-8-ml","status":"publish","type":"product","link":"https:\/\/ifoffice.pt\/?product=corretor-caneta-tipp-ex-ponta-metalica-fina-8-ml","title":{"rendered":"Corretor caneta tipp-ex, ponta metalica fina, 8 ml"},"content":{"rendered":"<p>Grande precis\u00e3o, corre\u00e7\u00e3o fluida e constante. Pode escrever como um l\u00e1pis, em forma de uma esferogr\u00e1fica. Pressionando o corpo controla-se o flu\u00eddo. Ponta fina, met\u00e1lica e suave para uma corre\u00e7\u00e3o precisa. Cont\u00e9m: 8 ml.<\/p>\n","protected":false},"excerpt":{"rendered":"<p>Corretor caneta tipp-ex, ponta metalica fina, 8 ml<\/p>\n","protected":false},"featured_media":129668,"comment_status":"closed","ping_status":"closed","template":"","meta":{"neve_meta_sidebar":"","neve_meta_container":"","neve_meta_enable_content_width":"off","neve_meta_content_width":100,"neve_meta_title_alignment":"","neve_meta_author_avatar":"","neve_post_elements_order":"","neve_meta_disable_header":"","neve_meta_disable_footer":"","neve_meta_disable_title":""},"product_brand":[],"product_cat":[2820],"product_tag":[],"class_list":{"0":"post-96957","1":"product","2":"type-product","3":"status-publish","4":"has-post-thumbnail","6":"product_cat-correctores-caneta","8":"first","9":"instock","10":"taxable","11":"shipping-taxable","12":"purchasable","13":"product-type-simple"},"_links":{"self":[{"href":"https:\/\/ifoffice.pt\/index.php?rest_route=\/wp\/v2\/product\/96957","targetHints":{"allow":["GET"]}}],"collection":[{"href":"https:\/\/ifoffice.pt\/index.php?rest_route=\/wp\/v2\/product"}],"about":[{"href":"https:\/\/ifoffice.pt\/index.php?rest_route=\/wp\/v2\/types\/product"}],"replies":[{"embeddable":true,"href":"https:\/\/ifoffice.pt\/index.php?rest_route=%2Fwp%2Fv2%2Fcomments&post=96957"}],"wp:featuredmedia":[{"embeddable":true,"href":"https:\/\/ifoffice.pt\/index.php?rest_route=\/wp\/v2\/media\/129668"}],"wp:attachment":[{"href":"https:\/\/ifoffice.pt\/index.php?rest_route=%2Fwp%2Fv2%2Fmedia&parent=96957"}],"wp:term":[{"taxonomy":"product_brand","embeddable":true,"href":"https:\/\/ifoffice.pt\/index.php?rest_route=%2Fwp%2Fv2%2Fproduct_brand&post=96957"},{"taxonomy":"product_cat","embeddable":true,"href":"https:\/\/ifoffice.pt\/index.php?rest_route=%2Fwp%2Fv2%2Fproduct_cat&post=96957"},{"taxonomy":"product_tag","embeddable":true,"href":"https:\/\/ifoffice.pt\/index.php?rest_route=%2Fwp%2Fv2%2Fproduct_tag&post=96957"}],"curies":[{"name":"wp","href":"https:\/\/api.w.org\/{rel}","templated":true}]}}