{"id":96906,"date":"2021-01-22T23:15:42","date_gmt":"2021-01-22T23:15:42","guid":{"rendered":"https:\/\/ifoffice.pt\/produto\/import-placeholder-for-27223\/"},"modified":"2026-02-23T13:31:47","modified_gmt":"2026-02-23T13:31:47","slug":"desenrolador-tesa-estavel-33-mt-x-19-mm","status":"publish","type":"product","link":"https:\/\/ifoffice.pt\/?product=desenrolador-tesa-estavel-33-mt-x-19-mm","title":{"rendered":"Desenrolador tesa estavel 33 mt x 19 mm"},"content":{"rendered":"<p>Para rolos at\u00e9 19 mm de largura. Desenrolador vermelho e azul, com l\u00e2mina lisa para cortes retos e f\u00e1ceis. Muito est\u00e1vel. N\u00e3o inclui fita. Medidas: 163 x 72 x 79 mm. O\u00a0desenrolador.<\/p>\n","protected":false},"excerpt":{"rendered":"<p>Desenrolador tesa estavel 33 mt x 19 mm<\/p>\n","protected":false},"featured_media":131528,"comment_status":"closed","ping_status":"closed","template":"","meta":{"neve_meta_sidebar":"","neve_meta_container":"","neve_meta_enable_content_width":"","neve_meta_content_width":0,"neve_meta_title_alignment":"","neve_meta_author_avatar":"","neve_post_elements_order":"","neve_meta_disable_header":"","neve_meta_disable_footer":"","neve_meta_disable_title":""},"product_brand":[],"product_cat":[1930],"product_tag":[899],"class_list":{"0":"post-96906","1":"product","2":"type-product","3":"status-publish","4":"has-post-thumbnail","6":"product_cat-desenrolador-e-maq-fechar-saco","7":"product_tag-porta-rolos","9":"first","10":"instock","11":"taxable","12":"shipping-taxable","13":"purchasable","14":"product-type-simple"},"_links":{"self":[{"href":"https:\/\/ifoffice.pt\/index.php?rest_route=\/wp\/v2\/product\/96906","targetHints":{"allow":["GET"]}}],"collection":[{"href":"https:\/\/ifoffice.pt\/index.php?rest_route=\/wp\/v2\/product"}],"about":[{"href":"https:\/\/ifoffice.pt\/index.php?rest_route=\/wp\/v2\/types\/product"}],"replies":[{"embeddable":true,"href":"https:\/\/ifoffice.pt\/index.php?rest_route=%2Fwp%2Fv2%2Fcomments&post=96906"}],"wp:featuredmedia":[{"embeddable":true,"href":"https:\/\/ifoffice.pt\/index.php?rest_route=\/wp\/v2\/media\/131528"}],"wp:attachment":[{"href":"https:\/\/ifoffice.pt\/index.php?rest_route=%2Fwp%2Fv2%2Fmedia&parent=96906"}],"wp:term":[{"taxonomy":"product_brand","embeddable":true,"href":"https:\/\/ifoffice.pt\/index.php?rest_route=%2Fwp%2Fv2%2Fproduct_brand&post=96906"},{"taxonomy":"product_cat","embeddable":true,"href":"https:\/\/ifoffice.pt\/index.php?rest_route=%2Fwp%2Fv2%2Fproduct_cat&post=96906"},{"taxonomy":"product_tag","embeddable":true,"href":"https:\/\/ifoffice.pt\/index.php?rest_route=%2Fwp%2Fv2%2Fproduct_tag&post=96906"}],"curies":[{"name":"wp","href":"https:\/\/api.w.org\/{rel}","templated":true}]}}