{"id":96904,"date":"2021-01-22T23:15:42","date_gmt":"2021-01-22T23:15:42","guid":{"rendered":"https:\/\/ifoffice.pt\/produto\/import-placeholder-for-27269\/"},"modified":"2026-02-23T14:52:09","modified_gmt":"2026-02-23T14:52:09","slug":"lapis-de-cera-peques-com-10-lapis","status":"publish","type":"product","link":"https:\/\/ifoffice.pt\/?product=lapis-de-cera-peques-com-10-lapis","title":{"rendered":"Lapis de cera peques com 10 lapis"},"content":{"rendered":"<p>Caixa de 12 l\u00e1pis. S\u00e3o triangulares, o que facilita a aprendizagem da escrita na  fase pr\u00e9-escolar. N\u00e3o \u00e9 necess\u00e1rio carregar para escrever, n\u00e3o mancham e  s\u00e3o lav\u00e1veis na maioria dos tecidos.<\/p>\n","protected":false},"excerpt":{"rendered":"<p>PACK DE 12 UNIDADES<\/p>\n","protected":false},"featured_media":129898,"comment_status":"closed","ping_status":"closed","template":"","meta":{"neve_meta_sidebar":"","neve_meta_container":"","neve_meta_enable_content_width":"off","neve_meta_content_width":0,"neve_meta_title_alignment":"","neve_meta_author_avatar":"","neve_post_elements_order":"","neve_meta_disable_header":"","neve_meta_disable_footer":"","neve_meta_disable_title":""},"product_brand":[],"product_cat":[1774],"product_tag":[1545],"class_list":{"0":"post-96904","1":"product","2":"type-product","3":"status-publish","4":"has-post-thumbnail","6":"product_cat-ceras","7":"product_tag-cartao","9":"first","10":"instock","11":"taxable","12":"shipping-taxable","13":"purchasable","14":"product-type-simple"},"_links":{"self":[{"href":"https:\/\/ifoffice.pt\/index.php?rest_route=\/wp\/v2\/product\/96904","targetHints":{"allow":["GET"]}}],"collection":[{"href":"https:\/\/ifoffice.pt\/index.php?rest_route=\/wp\/v2\/product"}],"about":[{"href":"https:\/\/ifoffice.pt\/index.php?rest_route=\/wp\/v2\/types\/product"}],"replies":[{"embeddable":true,"href":"https:\/\/ifoffice.pt\/index.php?rest_route=%2Fwp%2Fv2%2Fcomments&post=96904"}],"wp:featuredmedia":[{"embeddable":true,"href":"https:\/\/ifoffice.pt\/index.php?rest_route=\/wp\/v2\/media\/129898"}],"wp:attachment":[{"href":"https:\/\/ifoffice.pt\/index.php?rest_route=%2Fwp%2Fv2%2Fmedia&parent=96904"}],"wp:term":[{"taxonomy":"product_brand","embeddable":true,"href":"https:\/\/ifoffice.pt\/index.php?rest_route=%2Fwp%2Fv2%2Fproduct_brand&post=96904"},{"taxonomy":"product_cat","embeddable":true,"href":"https:\/\/ifoffice.pt\/index.php?rest_route=%2Fwp%2Fv2%2Fproduct_cat&post=96904"},{"taxonomy":"product_tag","embeddable":true,"href":"https:\/\/ifoffice.pt\/index.php?rest_route=%2Fwp%2Fv2%2Fproduct_tag&post=96904"}],"curies":[{"name":"wp","href":"https:\/\/api.w.org\/{rel}","templated":true}]}}