{"id":96892,"date":"2021-01-22T23:15:39","date_gmt":"2021-01-22T23:15:39","guid":{"rendered":"https:\/\/ifoffice.pt\/produto\/import-placeholder-for-27423\/"},"modified":"2026-02-23T13:31:45","modified_gmt":"2026-02-23T13:31:45","slug":"agrafador-petrus-2001-p-preto-20-folhas","status":"publish","type":"product","link":"https:\/\/ifoffice.pt\/?product=agrafador-petrus-2001-p-preto-20-folhas","title":{"rendered":"Agrafador petrus 2001 p &#8211; preto &#8211; 20 folhas"},"content":{"rendered":"<p>Met\u00e1lico cromado. Profundidade do agrafado 7,2 cm da margem da folha. Carga 2 pentes (100 agrafes) usa agrafes n\u00ba 22\/6, 24\/6 e 26\/6. Com base pl\u00e1stica antideslizante. Com carregador duplo antiobstru\u00e7\u00e3o. Incorpora o agrafado PGT (Paper Grip Technology) para um agrafado sempre perfeito. Comprimento da base: 135 mm. Medidas: 45 x 68 x 135 mm. O agrafador.<\/p>\n","protected":false},"excerpt":{"rendered":"<p>Agrafador petrus 2001 p &#8211; preto &#8211; 20 folhas<\/p>\n","protected":false},"featured_media":131348,"comment_status":"closed","ping_status":"closed","template":"","meta":{"neve_meta_sidebar":"","neve_meta_container":"","neve_meta_enable_content_width":"","neve_meta_content_width":0,"neve_meta_title_alignment":"","neve_meta_author_avatar":"","neve_post_elements_order":"","neve_meta_disable_header":"","neve_meta_disable_footer":"","neve_meta_disable_title":""},"product_brand":[],"product_cat":[1811],"product_tag":[2846],"class_list":{"0":"post-96892","1":"product","2":"type-product","3":"status-publish","4":"has-post-thumbnail","6":"product_cat-agrafadores-de-secretaria","7":"product_tag-agrafadores-de-secretaria-2","9":"first","10":"instock","11":"taxable","12":"shipping-taxable","13":"purchasable","14":"product-type-simple"},"_links":{"self":[{"href":"https:\/\/ifoffice.pt\/index.php?rest_route=\/wp\/v2\/product\/96892","targetHints":{"allow":["GET"]}}],"collection":[{"href":"https:\/\/ifoffice.pt\/index.php?rest_route=\/wp\/v2\/product"}],"about":[{"href":"https:\/\/ifoffice.pt\/index.php?rest_route=\/wp\/v2\/types\/product"}],"replies":[{"embeddable":true,"href":"https:\/\/ifoffice.pt\/index.php?rest_route=%2Fwp%2Fv2%2Fcomments&post=96892"}],"wp:featuredmedia":[{"embeddable":true,"href":"https:\/\/ifoffice.pt\/index.php?rest_route=\/wp\/v2\/media\/131348"}],"wp:attachment":[{"href":"https:\/\/ifoffice.pt\/index.php?rest_route=%2Fwp%2Fv2%2Fmedia&parent=96892"}],"wp:term":[{"taxonomy":"product_brand","embeddable":true,"href":"https:\/\/ifoffice.pt\/index.php?rest_route=%2Fwp%2Fv2%2Fproduct_brand&post=96892"},{"taxonomy":"product_cat","embeddable":true,"href":"https:\/\/ifoffice.pt\/index.php?rest_route=%2Fwp%2Fv2%2Fproduct_cat&post=96892"},{"taxonomy":"product_tag","embeddable":true,"href":"https:\/\/ifoffice.pt\/index.php?rest_route=%2Fwp%2Fv2%2Fproduct_tag&post=96892"}],"curies":[{"name":"wp","href":"https:\/\/api.w.org\/{rel}","templated":true}]}}