{"id":96863,"date":"2021-01-22T23:15:16","date_gmt":"2021-01-22T23:15:16","guid":{"rendered":"https:\/\/ifoffice.pt\/produto\/import-placeholder-for-27427\/"},"modified":"2026-02-23T13:31:44","modified_gmt":"2026-02-23T13:31:44","slug":"agrafador-petrus-2002-p-preto","status":"publish","type":"product","link":"https:\/\/ifoffice.pt\/?product=agrafador-petrus-2002-p-preto","title":{"rendered":"Agrafador petrus 2002-p preto"},"content":{"rendered":"<p>Resistente agrafador de metal para uso di\u00e1rio. Com tecnologia de impacto direto patenteado. A utiliza\u00e7\u00e3o de agrafes Petrus 22\/6-24\/6-26\/6 ou 22\/8- 24\/8-26\/8 garante um agrafado perfeito. Profundidade do agrafado 10,3 cm da margem da folha. Carga 3 pentes (150 agrafes). Com base pl\u00e1stica antideslizante. Preparado para uso intensivo. Com carregador duplo antiobstru\u00e7\u00e3o. Cor preta. Comprimento da base: 165 mm. Medidas: 40 x 58 x 165 mm. O agrafador.<\/p>\n","protected":false},"excerpt":{"rendered":"<p>Agrafador petrus 2002-p preto<\/p>\n","protected":false},"featured_media":131350,"comment_status":"closed","ping_status":"closed","template":"","meta":{"neve_meta_sidebar":"","neve_meta_container":"","neve_meta_enable_content_width":"","neve_meta_content_width":0,"neve_meta_title_alignment":"","neve_meta_author_avatar":"","neve_post_elements_order":"","neve_meta_disable_header":"","neve_meta_disable_footer":"","neve_meta_disable_title":""},"product_brand":[],"product_cat":[1811],"product_tag":[2846],"class_list":{"0":"post-96863","1":"product","2":"type-product","3":"status-publish","4":"has-post-thumbnail","6":"product_cat-agrafadores-de-secretaria","7":"product_tag-agrafadores-de-secretaria-2","9":"first","10":"instock","11":"taxable","12":"shipping-taxable","13":"purchasable","14":"product-type-simple"},"_links":{"self":[{"href":"https:\/\/ifoffice.pt\/index.php?rest_route=\/wp\/v2\/product\/96863","targetHints":{"allow":["GET"]}}],"collection":[{"href":"https:\/\/ifoffice.pt\/index.php?rest_route=\/wp\/v2\/product"}],"about":[{"href":"https:\/\/ifoffice.pt\/index.php?rest_route=\/wp\/v2\/types\/product"}],"replies":[{"embeddable":true,"href":"https:\/\/ifoffice.pt\/index.php?rest_route=%2Fwp%2Fv2%2Fcomments&post=96863"}],"wp:featuredmedia":[{"embeddable":true,"href":"https:\/\/ifoffice.pt\/index.php?rest_route=\/wp\/v2\/media\/131350"}],"wp:attachment":[{"href":"https:\/\/ifoffice.pt\/index.php?rest_route=%2Fwp%2Fv2%2Fmedia&parent=96863"}],"wp:term":[{"taxonomy":"product_brand","embeddable":true,"href":"https:\/\/ifoffice.pt\/index.php?rest_route=%2Fwp%2Fv2%2Fproduct_brand&post=96863"},{"taxonomy":"product_cat","embeddable":true,"href":"https:\/\/ifoffice.pt\/index.php?rest_route=%2Fwp%2Fv2%2Fproduct_cat&post=96863"},{"taxonomy":"product_tag","embeddable":true,"href":"https:\/\/ifoffice.pt\/index.php?rest_route=%2Fwp%2Fv2%2Fproduct_tag&post=96863"}],"curies":[{"name":"wp","href":"https:\/\/api.w.org\/{rel}","templated":true}]}}