{"id":96859,"date":"2021-01-22T23:15:15","date_gmt":"2021-01-22T23:15:15","guid":{"rendered":"https:\/\/ifoffice.pt\/produto\/import-placeholder-for-27435\/"},"modified":"2026-02-23T13:31:44","modified_gmt":"2026-02-23T13:31:44","slug":"papel-milimetrico-guarro-210x297-minipacks-de-12-folhas","status":"publish","type":"product","link":"https:\/\/ifoffice.pt\/?product=papel-milimetrico-guarro-210x297-minipacks-de-12-folhas","title":{"rendered":"Papel milimetrico guarro 210&#215;297 minipacks de 12 folhas"},"content":{"rendered":"<p>Minipack de 12 folhas. Gramagem 100 g\/m\u00b2. Papel de cor creme, acetinado  e impresso com um desenho milimetrado, na cor castanha. Ideal para  apresenta\u00e7\u00f5es gr\u00e1ficas. Formato Din A4 (210 x 297 mm).<\/p>\n","protected":false},"excerpt":{"rendered":"<p>Papel milimetrico guarro 210&#215;297 minipacks de 12 folhas<\/p>\n","protected":false},"featured_media":131810,"comment_status":"closed","ping_status":"closed","template":"","meta":{"neve_meta_sidebar":"","neve_meta_container":"","neve_meta_enable_content_width":"","neve_meta_content_width":0,"neve_meta_title_alignment":"","neve_meta_author_avatar":"","neve_post_elements_order":"","neve_meta_disable_header":"","neve_meta_disable_footer":"","neve_meta_disable_title":""},"product_brand":[],"product_cat":[1949],"product_tag":[1514],"class_list":{"0":"post-96859","1":"product","2":"type-product","3":"status-publish","4":"has-post-thumbnail","6":"product_cat-papel-e-laminas-de-desenho","7":"product_tag-210-x-297-mm","9":"first","10":"instock","11":"taxable","12":"shipping-taxable","13":"purchasable","14":"product-type-simple"},"_links":{"self":[{"href":"https:\/\/ifoffice.pt\/index.php?rest_route=\/wp\/v2\/product\/96859","targetHints":{"allow":["GET"]}}],"collection":[{"href":"https:\/\/ifoffice.pt\/index.php?rest_route=\/wp\/v2\/product"}],"about":[{"href":"https:\/\/ifoffice.pt\/index.php?rest_route=\/wp\/v2\/types\/product"}],"replies":[{"embeddable":true,"href":"https:\/\/ifoffice.pt\/index.php?rest_route=%2Fwp%2Fv2%2Fcomments&post=96859"}],"wp:featuredmedia":[{"embeddable":true,"href":"https:\/\/ifoffice.pt\/index.php?rest_route=\/wp\/v2\/media\/131810"}],"wp:attachment":[{"href":"https:\/\/ifoffice.pt\/index.php?rest_route=%2Fwp%2Fv2%2Fmedia&parent=96859"}],"wp:term":[{"taxonomy":"product_brand","embeddable":true,"href":"https:\/\/ifoffice.pt\/index.php?rest_route=%2Fwp%2Fv2%2Fproduct_brand&post=96859"},{"taxonomy":"product_cat","embeddable":true,"href":"https:\/\/ifoffice.pt\/index.php?rest_route=%2Fwp%2Fv2%2Fproduct_cat&post=96859"},{"taxonomy":"product_tag","embeddable":true,"href":"https:\/\/ifoffice.pt\/index.php?rest_route=%2Fwp%2Fv2%2Fproduct_tag&post=96859"}],"curies":[{"name":"wp","href":"https:\/\/api.w.org\/{rel}","templated":true}]}}