{"id":96855,"date":"2021-01-22T23:15:15","date_gmt":"2021-01-22T23:15:15","guid":{"rendered":"https:\/\/ifoffice.pt\/produto\/import-placeholder-for-27523\/"},"modified":"2026-02-23T13:31:43","modified_gmt":"2026-02-23T13:31:43","slug":"quadro-verde-q-connect-caixilho-madeira-60x40-cm","status":"publish","type":"product","link":"https:\/\/ifoffice.pt\/?product=quadro-verde-q-connect-caixilho-madeira-60x40-cm","title":{"rendered":"Quadro verde q-connect giz moldura madeira sem prateleira 60&#215;40 cm"},"content":{"rendered":"<p>Quadros verdes lacados para giz. Moldura em madeira de pinho natural. Leve e resistente. Inclui kit de fixa\u00e7\u00e3o \u00e0 parede. O quadro.<\/p>\n","protected":false},"excerpt":{"rendered":"<p>Quadro verde q-connect giz moldura madeira sem prateleira 60&#215;40 cm<\/p>\n","protected":false},"featured_media":131263,"comment_status":"closed","ping_status":"closed","template":"","meta":{"neve_meta_sidebar":"","neve_meta_container":"","neve_meta_enable_content_width":"","neve_meta_content_width":0,"neve_meta_title_alignment":"","neve_meta_author_avatar":"","neve_post_elements_order":"","neve_meta_disable_header":"","neve_meta_disable_footer":"","neve_meta_disable_title":""},"product_brand":[],"product_cat":[2387],"product_tag":[1030],"class_list":{"0":"post-96855","1":"product","2":"type-product","3":"status-publish","4":"has-post-thumbnail","6":"product_cat-quadros-verdes","7":"product_tag-verde","9":"first","10":"instock","11":"sale","12":"taxable","13":"shipping-taxable","14":"purchasable","15":"product-type-simple"},"_links":{"self":[{"href":"https:\/\/ifoffice.pt\/index.php?rest_route=\/wp\/v2\/product\/96855","targetHints":{"allow":["GET"]}}],"collection":[{"href":"https:\/\/ifoffice.pt\/index.php?rest_route=\/wp\/v2\/product"}],"about":[{"href":"https:\/\/ifoffice.pt\/index.php?rest_route=\/wp\/v2\/types\/product"}],"replies":[{"embeddable":true,"href":"https:\/\/ifoffice.pt\/index.php?rest_route=%2Fwp%2Fv2%2Fcomments&post=96855"}],"wp:featuredmedia":[{"embeddable":true,"href":"https:\/\/ifoffice.pt\/index.php?rest_route=\/wp\/v2\/media\/131263"}],"wp:attachment":[{"href":"https:\/\/ifoffice.pt\/index.php?rest_route=%2Fwp%2Fv2%2Fmedia&parent=96855"}],"wp:term":[{"taxonomy":"product_brand","embeddable":true,"href":"https:\/\/ifoffice.pt\/index.php?rest_route=%2Fwp%2Fv2%2Fproduct_brand&post=96855"},{"taxonomy":"product_cat","embeddable":true,"href":"https:\/\/ifoffice.pt\/index.php?rest_route=%2Fwp%2Fv2%2Fproduct_cat&post=96855"},{"taxonomy":"product_tag","embeddable":true,"href":"https:\/\/ifoffice.pt\/index.php?rest_route=%2Fwp%2Fv2%2Fproduct_tag&post=96855"}],"curies":[{"name":"wp","href":"https:\/\/api.w.org\/{rel}","templated":true}]}}