{"id":96812,"date":"2021-01-22T23:14:52","date_gmt":"2021-01-22T23:14:52","guid":{"rendered":"https:\/\/ifoffice.pt\/produto\/import-placeholder-for-27732\/"},"modified":"2025-03-12T12:01:09","modified_gmt":"2025-03-12T12:01:09","slug":"detetor-notas-falsas-q-connect-kf-00503","status":"publish","type":"product","link":"https:\/\/ifoffice.pt\/?product=detetor-notas-falsas-q-connect-kf-00503","title":{"rendered":"Detetor ultravioleta de notas falsas q-connect kf-00503"},"content":{"rendered":"<p>Ajuda a detetar notas falsificadas atrav\u00e9s de luz ultravioleta de alta intensidade. Compat\u00edvel com o euro. Tubo UV F4TS \/ BLB 110-240V. AC 220-230V 50Hz &#8211; 10 W. Sistema inovador de f\u00e1cil substitui\u00e7\u00e3o da l\u00e2mpada. Medidas: 200 x 90 x 80 mm.<\/p>\n","protected":false},"excerpt":{"rendered":"<p>Detetor notas falsas q-connect kf-00503<\/p>\n","protected":false},"featured_media":96866,"comment_status":"closed","ping_status":"closed","template":"","meta":{"neve_meta_sidebar":"","neve_meta_container":"","neve_meta_enable_content_width":"off","neve_meta_content_width":70,"neve_meta_title_alignment":"","neve_meta_author_avatar":"","neve_post_elements_order":"","neve_meta_disable_header":"","neve_meta_disable_footer":"","neve_meta_disable_title":""},"product_brand":[],"product_cat":[1862],"product_tag":[1141],"class_list":{"0":"post-96812","1":"product","2":"type-product","3":"status-publish","4":"has-post-thumbnail","6":"product_cat-detector-de-notas-falsas","7":"product_tag-detector-de-billetes","9":"first","10":"outofstock","11":"taxable","12":"shipping-taxable","13":"purchasable","14":"product-type-simple"},"_links":{"self":[{"href":"https:\/\/ifoffice.pt\/index.php?rest_route=\/wp\/v2\/product\/96812","targetHints":{"allow":["GET"]}}],"collection":[{"href":"https:\/\/ifoffice.pt\/index.php?rest_route=\/wp\/v2\/product"}],"about":[{"href":"https:\/\/ifoffice.pt\/index.php?rest_route=\/wp\/v2\/types\/product"}],"replies":[{"embeddable":true,"href":"https:\/\/ifoffice.pt\/index.php?rest_route=%2Fwp%2Fv2%2Fcomments&post=96812"}],"wp:featuredmedia":[{"embeddable":true,"href":"https:\/\/ifoffice.pt\/index.php?rest_route=\/wp\/v2\/media\/96866"}],"wp:attachment":[{"href":"https:\/\/ifoffice.pt\/index.php?rest_route=%2Fwp%2Fv2%2Fmedia&parent=96812"}],"wp:term":[{"taxonomy":"product_brand","embeddable":true,"href":"https:\/\/ifoffice.pt\/index.php?rest_route=%2Fwp%2Fv2%2Fproduct_brand&post=96812"},{"taxonomy":"product_cat","embeddable":true,"href":"https:\/\/ifoffice.pt\/index.php?rest_route=%2Fwp%2Fv2%2Fproduct_cat&post=96812"},{"taxonomy":"product_tag","embeddable":true,"href":"https:\/\/ifoffice.pt\/index.php?rest_route=%2Fwp%2Fv2%2Fproduct_tag&post=96812"}],"curies":[{"name":"wp","href":"https:\/\/api.w.org\/{rel}","templated":true}]}}