{"id":96747,"date":"2021-01-22T23:14:25","date_gmt":"2021-01-22T23:14:25","guid":{"rendered":"https:\/\/ifoffice.pt\/produto\/import-placeholder-for-28089\/"},"modified":"2025-03-12T12:00:59","modified_gmt":"2025-03-12T12:00:59","slug":"copos-de-campismo-branco-capacidade-220cc-packd-e-100-unidades","status":"publish","type":"product","link":"https:\/\/ifoffice.pt\/?product=copos-de-campismo-branco-capacidade-220cc-packd-e-100-unidades","title":{"rendered":"Copos de campismo branco capacidade 220cc. packd e 100 unidades"},"content":{"rendered":"<p>Produto fabricado com material n\u00e3o toxico, n\u00e3o contaminante e recicl\u00e1vel.<\/p>\n","protected":false},"excerpt":{"rendered":"<p>Copos de campismo branco capacidade 220cc. packd e 100 unidades<\/p>\n","protected":false},"featured_media":96777,"comment_status":"closed","ping_status":"closed","template":"","meta":{"neve_meta_sidebar":"","neve_meta_container":"","neve_meta_enable_content_width":"off","neve_meta_content_width":0,"neve_meta_title_alignment":"","neve_meta_author_avatar":"","neve_post_elements_order":"","neve_meta_disable_header":"","neve_meta_disable_footer":"","neve_meta_disable_title":""},"product_brand":[],"product_cat":[1814],"product_tag":[918,2647],"class_list":{"0":"post-96747","1":"product","2":"type-product","3":"status-publish","4":"has-post-thumbnail","6":"product_cat-talheres-pratos-e-copos","7":"product_tag-copos","8":"product_tag-descartaveis","10":"first","11":"outofstock","12":"taxable","13":"shipping-taxable","14":"purchasable","15":"product-type-simple"},"_links":{"self":[{"href":"https:\/\/ifoffice.pt\/index.php?rest_route=\/wp\/v2\/product\/96747","targetHints":{"allow":["GET"]}}],"collection":[{"href":"https:\/\/ifoffice.pt\/index.php?rest_route=\/wp\/v2\/product"}],"about":[{"href":"https:\/\/ifoffice.pt\/index.php?rest_route=\/wp\/v2\/types\/product"}],"replies":[{"embeddable":true,"href":"https:\/\/ifoffice.pt\/index.php?rest_route=%2Fwp%2Fv2%2Fcomments&post=96747"}],"wp:featuredmedia":[{"embeddable":true,"href":"https:\/\/ifoffice.pt\/index.php?rest_route=\/wp\/v2\/media\/96777"}],"wp:attachment":[{"href":"https:\/\/ifoffice.pt\/index.php?rest_route=%2Fwp%2Fv2%2Fmedia&parent=96747"}],"wp:term":[{"taxonomy":"product_brand","embeddable":true,"href":"https:\/\/ifoffice.pt\/index.php?rest_route=%2Fwp%2Fv2%2Fproduct_brand&post=96747"},{"taxonomy":"product_cat","embeddable":true,"href":"https:\/\/ifoffice.pt\/index.php?rest_route=%2Fwp%2Fv2%2Fproduct_cat&post=96747"},{"taxonomy":"product_tag","embeddable":true,"href":"https:\/\/ifoffice.pt\/index.php?rest_route=%2Fwp%2Fv2%2Fproduct_tag&post=96747"}],"curies":[{"name":"wp","href":"https:\/\/api.w.org\/{rel}","templated":true}]}}