{"id":96666,"date":"2021-01-22T23:13:39","date_gmt":"2021-01-22T23:13:39","guid":{"rendered":"https:\/\/ifoffice.pt\/produto\/import-placeholder-for-28237\/"},"modified":"2026-02-23T13:31:28","modified_gmt":"2026-02-23T13:31:28","slug":"papel-fotocopia-navigator-din-a4-pack-500-folhas-80-gr","status":"publish","type":"product","link":"https:\/\/ifoffice.pt\/?product=papel-fotocopia-navigator-din-a4-pack-500-folhas-80-gr","title":{"rendered":"Papel fotocopia navigator din a4 80 gr embalagem de 500 folhas"},"content":{"rendered":"<p>Papel perfurado para o seu futuro arquivo e classifica\u00e7\u00e3o com as mesmas caracter\u00edsticas que o Navigator 80 grs\/m\u00b2. Manter o papel com a sua embalagem de origem, no local onde vai ser utilizado, pelo menos 24 horas antes da sua utiliza\u00e7\u00e3o. Trabalhos em ambos os lados. Fotoc\u00f3pias de grande volume. Impress\u00e3o a laser, tinteiro preto \/branco e cor. Formato Din A4.  A embalagem.<\/p>\n","protected":false},"excerpt":{"rendered":"<p>Papel fotocopia navigator din a4 80 gr embalagem de 500 folhas<\/p>\n","protected":false},"featured_media":131798,"comment_status":"closed","ping_status":"closed","template":"","meta":{"neve_meta_sidebar":"","neve_meta_container":"","neve_meta_enable_content_width":"off","neve_meta_content_width":70,"neve_meta_title_alignment":"","neve_meta_author_avatar":"","neve_post_elements_order":"","neve_meta_disable_header":"","neve_meta_disable_footer":"","neve_meta_disable_title":""},"product_brand":[],"product_cat":[1845],"product_tag":[2177],"class_list":{"0":"post-96666","1":"product","2":"type-product","3":"status-publish","4":"has-post-thumbnail","6":"product_cat-papel-fotocopia","7":"product_tag-multifuncao","9":"first","10":"outofstock","11":"taxable","12":"shipping-taxable","13":"purchasable","14":"product-type-simple"},"_links":{"self":[{"href":"https:\/\/ifoffice.pt\/index.php?rest_route=\/wp\/v2\/product\/96666","targetHints":{"allow":["GET"]}}],"collection":[{"href":"https:\/\/ifoffice.pt\/index.php?rest_route=\/wp\/v2\/product"}],"about":[{"href":"https:\/\/ifoffice.pt\/index.php?rest_route=\/wp\/v2\/types\/product"}],"replies":[{"embeddable":true,"href":"https:\/\/ifoffice.pt\/index.php?rest_route=%2Fwp%2Fv2%2Fcomments&post=96666"}],"wp:featuredmedia":[{"embeddable":true,"href":"https:\/\/ifoffice.pt\/index.php?rest_route=\/wp\/v2\/media\/131798"}],"wp:attachment":[{"href":"https:\/\/ifoffice.pt\/index.php?rest_route=%2Fwp%2Fv2%2Fmedia&parent=96666"}],"wp:term":[{"taxonomy":"product_brand","embeddable":true,"href":"https:\/\/ifoffice.pt\/index.php?rest_route=%2Fwp%2Fv2%2Fproduct_brand&post=96666"},{"taxonomy":"product_cat","embeddable":true,"href":"https:\/\/ifoffice.pt\/index.php?rest_route=%2Fwp%2Fv2%2Fproduct_cat&post=96666"},{"taxonomy":"product_tag","embeddable":true,"href":"https:\/\/ifoffice.pt\/index.php?rest_route=%2Fwp%2Fv2%2Fproduct_tag&post=96666"}],"curies":[{"name":"wp","href":"https:\/\/api.w.org\/{rel}","templated":true}]}}