{"id":96662,"date":"2021-01-22T23:13:38","date_gmt":"2021-01-22T23:13:38","guid":{"rendered":"https:\/\/ifoffice.pt\/produto\/import-placeholder-for-28241\/"},"modified":"2026-02-23T13:31:26","modified_gmt":"2026-02-23T13:31:26","slug":"papel-fotocopia-discovery-din-a3-pack-500-folhas-75-gr","status":"publish","type":"product","link":"https:\/\/ifoffice.pt\/?product=papel-fotocopia-discovery-din-a3-pack-500-folhas-75-gr","title":{"rendered":"Papel fotocopia discovery din a3 75 gr embalagem de 500 folhas"},"content":{"rendered":"<p>Eco-Efici\u00eancia. e2: ecologia x economia. Uso eficiente dos recursos. Para impress\u00f5es e fotoc\u00f3pias r\u00e1pidas e livres de bloqueios. Altas presta\u00e7\u00f5es. Imprime em ambos os lados, tanto em fotoc\u00f3pias como em impressoras a tinta e laser. Alta qualidade em textos ou em gr\u00e1ficos. A embalagem.<\/p>\n","protected":false},"excerpt":{"rendered":"<p>Papel fotocopia discovery din a3 75 gr embalagem de 500 folhas<\/p>\n","protected":false},"featured_media":130722,"comment_status":"closed","ping_status":"closed","template":"","meta":{"neve_meta_sidebar":"","neve_meta_container":"","neve_meta_enable_content_width":"off","neve_meta_content_width":70,"neve_meta_title_alignment":"","neve_meta_author_avatar":"","neve_post_elements_order":"","neve_meta_disable_header":"","neve_meta_disable_footer":"","neve_meta_disable_title":""},"product_brand":[],"product_cat":[1845],"product_tag":[2177],"class_list":{"0":"post-96662","1":"product","2":"type-product","3":"status-publish","4":"has-post-thumbnail","6":"product_cat-papel-fotocopia","7":"product_tag-multifuncao","9":"first","10":"instock","11":"taxable","12":"shipping-taxable","13":"purchasable","14":"product-type-simple"},"_links":{"self":[{"href":"https:\/\/ifoffice.pt\/index.php?rest_route=\/wp\/v2\/product\/96662","targetHints":{"allow":["GET"]}}],"collection":[{"href":"https:\/\/ifoffice.pt\/index.php?rest_route=\/wp\/v2\/product"}],"about":[{"href":"https:\/\/ifoffice.pt\/index.php?rest_route=\/wp\/v2\/types\/product"}],"replies":[{"embeddable":true,"href":"https:\/\/ifoffice.pt\/index.php?rest_route=%2Fwp%2Fv2%2Fcomments&post=96662"}],"wp:featuredmedia":[{"embeddable":true,"href":"https:\/\/ifoffice.pt\/index.php?rest_route=\/wp\/v2\/media\/130722"}],"wp:attachment":[{"href":"https:\/\/ifoffice.pt\/index.php?rest_route=%2Fwp%2Fv2%2Fmedia&parent=96662"}],"wp:term":[{"taxonomy":"product_brand","embeddable":true,"href":"https:\/\/ifoffice.pt\/index.php?rest_route=%2Fwp%2Fv2%2Fproduct_brand&post=96662"},{"taxonomy":"product_cat","embeddable":true,"href":"https:\/\/ifoffice.pt\/index.php?rest_route=%2Fwp%2Fv2%2Fproduct_cat&post=96662"},{"taxonomy":"product_tag","embeddable":true,"href":"https:\/\/ifoffice.pt\/index.php?rest_route=%2Fwp%2Fv2%2Fproduct_tag&post=96662"}],"curies":[{"name":"wp","href":"https:\/\/api.w.org\/{rel}","templated":true}]}}