{"id":96598,"date":"2021-01-22T23:13:10","date_gmt":"2021-01-22T23:13:10","guid":{"rendered":"https:\/\/ifoffice.pt\/produto\/import-placeholder-for-28348\/"},"modified":"2026-02-23T14:47:52","modified_gmt":"2026-02-23T14:47:52","slug":"papel-aguarela-montval-500-x-650-mm-185-gr","status":"publish","type":"product","link":"https:\/\/ifoffice.pt\/?product=papel-aguarela-montval-500-x-650-mm-185-gr","title":{"rendered":"Papel aguarela montval 500 x 650 mm 200 gr"},"content":{"rendered":"<p>Papel para aguarela, colado em massa, de cor branco natural, sem \u00e1cido, com  tratamento anti-f\u00fangico. N\u00e3o amarelece e conserva-se ao longo do tempo.  Aplica\u00e7\u00e3o ideal em todas as t\u00e9cnicas h\u00famidas: aguarela, guache e acr\u00edlicos.  Medidas: 50 x 65 cm.<\/p>\n","protected":false},"excerpt":{"rendered":"<p>PACK DE 10 UNIDADES<\/p>\n","protected":false},"featured_media":130050,"comment_status":"closed","ping_status":"closed","template":"","meta":{"neve_meta_sidebar":"","neve_meta_container":"","neve_meta_enable_content_width":"off","neve_meta_content_width":0,"neve_meta_title_alignment":"","neve_meta_author_avatar":"","neve_post_elements_order":"","neve_meta_disable_header":"","neve_meta_disable_footer":"","neve_meta_disable_title":""},"product_brand":[],"product_cat":[1949],"product_tag":[2512],"class_list":{"0":"post-96598","1":"product","2":"type-product","3":"status-publish","4":"has-post-thumbnail","6":"product_cat-papel-e-laminas-de-desenho","7":"product_tag-montval","9":"first","10":"instock","11":"taxable","12":"shipping-taxable","13":"purchasable","14":"product-type-simple"},"_links":{"self":[{"href":"https:\/\/ifoffice.pt\/index.php?rest_route=\/wp\/v2\/product\/96598","targetHints":{"allow":["GET"]}}],"collection":[{"href":"https:\/\/ifoffice.pt\/index.php?rest_route=\/wp\/v2\/product"}],"about":[{"href":"https:\/\/ifoffice.pt\/index.php?rest_route=\/wp\/v2\/types\/product"}],"replies":[{"embeddable":true,"href":"https:\/\/ifoffice.pt\/index.php?rest_route=%2Fwp%2Fv2%2Fcomments&post=96598"}],"wp:featuredmedia":[{"embeddable":true,"href":"https:\/\/ifoffice.pt\/index.php?rest_route=\/wp\/v2\/media\/130050"}],"wp:attachment":[{"href":"https:\/\/ifoffice.pt\/index.php?rest_route=%2Fwp%2Fv2%2Fmedia&parent=96598"}],"wp:term":[{"taxonomy":"product_brand","embeddable":true,"href":"https:\/\/ifoffice.pt\/index.php?rest_route=%2Fwp%2Fv2%2Fproduct_brand&post=96598"},{"taxonomy":"product_cat","embeddable":true,"href":"https:\/\/ifoffice.pt\/index.php?rest_route=%2Fwp%2Fv2%2Fproduct_cat&post=96598"},{"taxonomy":"product_tag","embeddable":true,"href":"https:\/\/ifoffice.pt\/index.php?rest_route=%2Fwp%2Fv2%2Fproduct_tag&post=96598"}],"curies":[{"name":"wp","href":"https:\/\/api.w.org\/{rel}","templated":true}]}}