{"id":96589,"date":"2021-01-22T23:13:09","date_gmt":"2021-01-22T23:13:09","guid":{"rendered":"https:\/\/ifoffice.pt\/produto\/import-placeholder-for-28507\/"},"modified":"2026-02-23T14:54:11","modified_gmt":"2026-02-23T14:54:11","slug":"apara-lapis-maped-metalico-satellite-de-um-uso","status":"publish","type":"product","link":"https:\/\/ifoffice.pt\/?product=apara-lapis-maped-metalico-satellite-de-um-uso","title":{"rendered":"Apara lapis maped metalico satellite de um uso"},"content":{"rendered":"<p>Um uso. Corpo met\u00e1lico retangular de grande robustez e resist\u00eancia. Uso escolar, escrit\u00f3rio e no lar.<\/p>\n","protected":false},"excerpt":{"rendered":"<p>PACK DE 32 UNIDADES<\/p>\n","protected":false},"featured_media":130062,"comment_status":"closed","ping_status":"closed","template":"","meta":{"neve_meta_sidebar":"","neve_meta_container":"","neve_meta_enable_content_width":"off","neve_meta_content_width":0,"neve_meta_title_alignment":"","neve_meta_author_avatar":"","neve_post_elements_order":"","neve_meta_disable_header":"","neve_meta_disable_footer":"","neve_meta_disable_title":""},"product_brand":[],"product_cat":[1858],"product_tag":[1381],"class_list":{"0":"post-96589","1":"product","2":"type-product","3":"status-publish","4":"has-post-thumbnail","6":"product_cat-apara-lapis","7":"product_tag-1-uso","9":"first","10":"instock","11":"taxable","12":"shipping-taxable","13":"purchasable","14":"product-type-simple"},"_links":{"self":[{"href":"https:\/\/ifoffice.pt\/index.php?rest_route=\/wp\/v2\/product\/96589","targetHints":{"allow":["GET"]}}],"collection":[{"href":"https:\/\/ifoffice.pt\/index.php?rest_route=\/wp\/v2\/product"}],"about":[{"href":"https:\/\/ifoffice.pt\/index.php?rest_route=\/wp\/v2\/types\/product"}],"replies":[{"embeddable":true,"href":"https:\/\/ifoffice.pt\/index.php?rest_route=%2Fwp%2Fv2%2Fcomments&post=96589"}],"wp:featuredmedia":[{"embeddable":true,"href":"https:\/\/ifoffice.pt\/index.php?rest_route=\/wp\/v2\/media\/130062"}],"wp:attachment":[{"href":"https:\/\/ifoffice.pt\/index.php?rest_route=%2Fwp%2Fv2%2Fmedia&parent=96589"}],"wp:term":[{"taxonomy":"product_brand","embeddable":true,"href":"https:\/\/ifoffice.pt\/index.php?rest_route=%2Fwp%2Fv2%2Fproduct_brand&post=96589"},{"taxonomy":"product_cat","embeddable":true,"href":"https:\/\/ifoffice.pt\/index.php?rest_route=%2Fwp%2Fv2%2Fproduct_cat&post=96589"},{"taxonomy":"product_tag","embeddable":true,"href":"https:\/\/ifoffice.pt\/index.php?rest_route=%2Fwp%2Fv2%2Fproduct_tag&post=96589"}],"curies":[{"name":"wp","href":"https:\/\/api.w.org\/{rel}","templated":true}]}}