{"id":96576,"date":"2021-01-22T23:11:34","date_gmt":"2021-01-22T23:11:34","guid":{"rendered":"https:\/\/ifoffice.pt\/produto\/import-placeholder-for-28517\/"},"modified":"2026-02-23T13:31:15","modified_gmt":"2026-02-23T13:31:15","slug":"lapis-de-cores-trio-stabilo-18-unidades","status":"publish","type":"product","link":"https:\/\/ifoffice.pt\/?product=lapis-de-cores-trio-stabilo-18-unidades","title":{"rendered":"Lapis de cor trio stabilo 18 unidades"},"content":{"rendered":"<p>L\u00e1pis de cor com forma triangular para  um melhor manuseamento. Ideal para  crian\u00e7as pequenas. Mina grossa de 4  mm para colorir rapidamente. Di\u00e2metro  do l\u00e1pis: 8 mm. Altura l\u00e1pis: 175 mm.  Di\u00e2metro mina: 4 mm.<\/p>\n","protected":false},"excerpt":{"rendered":"<p>Lapis de cor trio stabilo 18 unidades<\/p>\n","protected":false},"featured_media":133149,"comment_status":"closed","ping_status":"closed","template":"","meta":{"neve_meta_sidebar":"","neve_meta_container":"","neve_meta_enable_content_width":"off","neve_meta_content_width":0,"neve_meta_title_alignment":"","neve_meta_author_avatar":"","neve_post_elements_order":"","neve_meta_disable_header":"","neve_meta_disable_footer":"","neve_meta_disable_title":""},"product_brand":[],"product_cat":[1856],"product_tag":[1129],"class_list":{"0":"post-96576","1":"product","2":"type-product","3":"status-publish","4":"has-post-thumbnail","6":"product_cat-lapis-de-cor","7":"product_tag-madeira","9":"first","10":"instock","11":"taxable","12":"shipping-taxable","13":"purchasable","14":"product-type-simple"},"_links":{"self":[{"href":"https:\/\/ifoffice.pt\/index.php?rest_route=\/wp\/v2\/product\/96576","targetHints":{"allow":["GET"]}}],"collection":[{"href":"https:\/\/ifoffice.pt\/index.php?rest_route=\/wp\/v2\/product"}],"about":[{"href":"https:\/\/ifoffice.pt\/index.php?rest_route=\/wp\/v2\/types\/product"}],"replies":[{"embeddable":true,"href":"https:\/\/ifoffice.pt\/index.php?rest_route=%2Fwp%2Fv2%2Fcomments&post=96576"}],"wp:featuredmedia":[{"embeddable":true,"href":"https:\/\/ifoffice.pt\/index.php?rest_route=\/wp\/v2\/media\/133149"}],"wp:attachment":[{"href":"https:\/\/ifoffice.pt\/index.php?rest_route=%2Fwp%2Fv2%2Fmedia&parent=96576"}],"wp:term":[{"taxonomy":"product_brand","embeddable":true,"href":"https:\/\/ifoffice.pt\/index.php?rest_route=%2Fwp%2Fv2%2Fproduct_brand&post=96576"},{"taxonomy":"product_cat","embeddable":true,"href":"https:\/\/ifoffice.pt\/index.php?rest_route=%2Fwp%2Fv2%2Fproduct_cat&post=96576"},{"taxonomy":"product_tag","embeddable":true,"href":"https:\/\/ifoffice.pt\/index.php?rest_route=%2Fwp%2Fv2%2Fproduct_tag&post=96576"}],"curies":[{"name":"wp","href":"https:\/\/api.w.org\/{rel}","templated":true}]}}