{"id":96479,"date":"2021-01-22T23:10:45","date_gmt":"2021-01-22T23:10:45","guid":{"rendered":"https:\/\/ifoffice.pt\/produto\/import-placeholder-for-28724\/"},"modified":"2026-02-23T13:31:06","modified_gmt":"2026-02-23T13:31:06","slug":"pioneses-dourados-q-connect-caixa-120-unidades","status":"publish","type":"product","link":"https:\/\/ifoffice.pt\/?product=pioneses-dourados-q-connect-caixa-120-unidades","title":{"rendered":"Pioneses dourados q-connect caixa 120 unidades"},"content":{"rendered":"<p>Pioneses de cabe\u00e7a plana. Di\u00e2metro da cabe\u00e7a: 9 mm. Caixa de 120 unidades.<\/p>\n","protected":false},"excerpt":{"rendered":"<p>Pioneses dourados q-connect caixa 120 unidades<\/p>\n","protected":false},"featured_media":130551,"comment_status":"closed","ping_status":"closed","template":"","meta":{"neve_meta_sidebar":"","neve_meta_container":"","neve_meta_enable_content_width":"","neve_meta_content_width":0,"neve_meta_title_alignment":"","neve_meta_author_avatar":"","neve_post_elements_order":"","neve_meta_disable_header":"","neve_meta_disable_footer":"","neve_meta_disable_title":""},"product_brand":[],"product_cat":[1907],"product_tag":[2678],"class_list":{"0":"post-96479","1":"product","2":"type-product","3":"status-publish","4":"has-post-thumbnail","6":"product_cat-clips-e-pioneses","7":"product_tag-clips-e-pioneses","9":"first","10":"instock","11":"sale","12":"taxable","13":"shipping-taxable","14":"purchasable","15":"product-type-simple"},"_links":{"self":[{"href":"https:\/\/ifoffice.pt\/index.php?rest_route=\/wp\/v2\/product\/96479","targetHints":{"allow":["GET"]}}],"collection":[{"href":"https:\/\/ifoffice.pt\/index.php?rest_route=\/wp\/v2\/product"}],"about":[{"href":"https:\/\/ifoffice.pt\/index.php?rest_route=\/wp\/v2\/types\/product"}],"replies":[{"embeddable":true,"href":"https:\/\/ifoffice.pt\/index.php?rest_route=%2Fwp%2Fv2%2Fcomments&post=96479"}],"wp:featuredmedia":[{"embeddable":true,"href":"https:\/\/ifoffice.pt\/index.php?rest_route=\/wp\/v2\/media\/130551"}],"wp:attachment":[{"href":"https:\/\/ifoffice.pt\/index.php?rest_route=%2Fwp%2Fv2%2Fmedia&parent=96479"}],"wp:term":[{"taxonomy":"product_brand","embeddable":true,"href":"https:\/\/ifoffice.pt\/index.php?rest_route=%2Fwp%2Fv2%2Fproduct_brand&post=96479"},{"taxonomy":"product_cat","embeddable":true,"href":"https:\/\/ifoffice.pt\/index.php?rest_route=%2Fwp%2Fv2%2Fproduct_cat&post=96479"},{"taxonomy":"product_tag","embeddable":true,"href":"https:\/\/ifoffice.pt\/index.php?rest_route=%2Fwp%2Fv2%2Fproduct_tag&post=96479"}],"curies":[{"name":"wp","href":"https:\/\/api.w.org\/{rel}","templated":true}]}}