{"id":96246,"date":"2021-01-22T23:08:40","date_gmt":"2021-01-22T23:08:40","guid":{"rendered":"https:\/\/ifoffice.pt\/produto\/import-placeholder-for-29424\/"},"modified":"2026-02-23T14:52:03","modified_gmt":"2026-02-23T14:52:03","slug":"fita-adesiva-scotch-removivel-33mtx19mm","status":"publish","type":"product","link":"https:\/\/ifoffice.pt\/?product=fita-adesiva-scotch-removivel-33mtx19mm","title":{"rendered":"Fita adesiva scotch removivel. 33mtx19mm"},"content":{"rendered":"<p>Com as mesmas caracter\u00edsticas que a fita adesiva Scotch Magic, \u00e9 excelente para realizar montagens ou maquetas com a flexibilidade e tranquilidade de poder corrigir quando necess\u00e1rio porque cola e descola com facilidade. Medidas: 33 m x 19 mm. A\u00a0fita.<\/p>\n","protected":false},"excerpt":{"rendered":"<p>PACK DE 12 UNIDADES<\/p>\n","protected":false},"featured_media":129893,"comment_status":"closed","ping_status":"closed","template":"","meta":{"neve_meta_sidebar":"","neve_meta_container":"","neve_meta_enable_content_width":"off","neve_meta_content_width":0,"neve_meta_title_alignment":"","neve_meta_author_avatar":"","neve_post_elements_order":"","neve_meta_disable_header":"","neve_meta_disable_footer":"","neve_meta_disable_title":""},"product_brand":[],"product_cat":[1800],"product_tag":[1526],"class_list":{"0":"post-96246","1":"product","2":"type-product","3":"status-publish","4":"has-post-thumbnail","6":"product_cat-fitas-adesivas","7":"product_tag-invisivel","9":"first","10":"instock","11":"taxable","12":"shipping-taxable","13":"purchasable","14":"product-type-simple"},"_links":{"self":[{"href":"https:\/\/ifoffice.pt\/index.php?rest_route=\/wp\/v2\/product\/96246","targetHints":{"allow":["GET"]}}],"collection":[{"href":"https:\/\/ifoffice.pt\/index.php?rest_route=\/wp\/v2\/product"}],"about":[{"href":"https:\/\/ifoffice.pt\/index.php?rest_route=\/wp\/v2\/types\/product"}],"replies":[{"embeddable":true,"href":"https:\/\/ifoffice.pt\/index.php?rest_route=%2Fwp%2Fv2%2Fcomments&post=96246"}],"wp:featuredmedia":[{"embeddable":true,"href":"https:\/\/ifoffice.pt\/index.php?rest_route=\/wp\/v2\/media\/129893"}],"wp:attachment":[{"href":"https:\/\/ifoffice.pt\/index.php?rest_route=%2Fwp%2Fv2%2Fmedia&parent=96246"}],"wp:term":[{"taxonomy":"product_brand","embeddable":true,"href":"https:\/\/ifoffice.pt\/index.php?rest_route=%2Fwp%2Fv2%2Fproduct_brand&post=96246"},{"taxonomy":"product_cat","embeddable":true,"href":"https:\/\/ifoffice.pt\/index.php?rest_route=%2Fwp%2Fv2%2Fproduct_cat&post=96246"},{"taxonomy":"product_tag","embeddable":true,"href":"https:\/\/ifoffice.pt\/index.php?rest_route=%2Fwp%2Fv2%2Fproduct_tag&post=96246"}],"curies":[{"name":"wp","href":"https:\/\/api.w.org\/{rel}","templated":true}]}}