{"id":96241,"date":"2021-01-22T23:08:40","date_gmt":"2021-01-22T23:08:40","guid":{"rendered":"https:\/\/ifoffice.pt\/produto\/import-placeholder-for-29431\/"},"modified":"2026-02-23T13:30:46","modified_gmt":"2026-02-23T13:30:46","slug":"fita-adesiva-dupla-face-transparente-33mt-x-19mm","status":"publish","type":"product","link":"https:\/\/ifoffice.pt\/?product=fita-adesiva-dupla-face-transparente-33mt-x-19mm","title":{"rendered":"Fita adesiva dupla face transparente 33mt x 19mm"},"content":{"rendered":"<p>Com adesivo em ambas as faces, \u00e9 muito \u00fatil para colar ou montar objetos em interiores, sobre a maioria das superf\u00edcies r\u00edgidas.  Cor transparente. Medidas: 33 m x 19 mm. A\u00a0fita.<\/p>\n","protected":false},"excerpt":{"rendered":"<p>Fita adesiva dupla face transparente 33mt x 19mm<\/p>\n","protected":false},"featured_media":131577,"comment_status":"closed","ping_status":"closed","template":"","meta":{"neve_meta_sidebar":"","neve_meta_container":"","neve_meta_enable_content_width":"","neve_meta_content_width":0,"neve_meta_title_alignment":"","neve_meta_author_avatar":"","neve_post_elements_order":"","neve_meta_disable_header":"","neve_meta_disable_footer":"","neve_meta_disable_title":""},"product_brand":[],"product_cat":[1800],"product_tag":[913],"class_list":{"0":"post-96241","1":"product","2":"type-product","3":"status-publish","4":"has-post-thumbnail","6":"product_cat-fitas-adesivas","7":"product_tag-dupla-face","9":"first","10":"instock","11":"taxable","12":"shipping-taxable","13":"purchasable","14":"product-type-simple"},"_links":{"self":[{"href":"https:\/\/ifoffice.pt\/index.php?rest_route=\/wp\/v2\/product\/96241","targetHints":{"allow":["GET"]}}],"collection":[{"href":"https:\/\/ifoffice.pt\/index.php?rest_route=\/wp\/v2\/product"}],"about":[{"href":"https:\/\/ifoffice.pt\/index.php?rest_route=\/wp\/v2\/types\/product"}],"replies":[{"embeddable":true,"href":"https:\/\/ifoffice.pt\/index.php?rest_route=%2Fwp%2Fv2%2Fcomments&post=96241"}],"wp:featuredmedia":[{"embeddable":true,"href":"https:\/\/ifoffice.pt\/index.php?rest_route=\/wp\/v2\/media\/131577"}],"wp:attachment":[{"href":"https:\/\/ifoffice.pt\/index.php?rest_route=%2Fwp%2Fv2%2Fmedia&parent=96241"}],"wp:term":[{"taxonomy":"product_brand","embeddable":true,"href":"https:\/\/ifoffice.pt\/index.php?rest_route=%2Fwp%2Fv2%2Fproduct_brand&post=96241"},{"taxonomy":"product_cat","embeddable":true,"href":"https:\/\/ifoffice.pt\/index.php?rest_route=%2Fwp%2Fv2%2Fproduct_cat&post=96241"},{"taxonomy":"product_tag","embeddable":true,"href":"https:\/\/ifoffice.pt\/index.php?rest_route=%2Fwp%2Fv2%2Fproduct_tag&post=96241"}],"curies":[{"name":"wp","href":"https:\/\/api.w.org\/{rel}","templated":true}]}}