{"id":96157,"date":"2021-01-22T23:07:51","date_gmt":"2021-01-22T23:07:51","guid":{"rendered":"https:\/\/ifoffice.pt\/produto\/import-placeholder-for-29689\/"},"modified":"2026-02-23T14:47:48","modified_gmt":"2026-02-23T14:47:48","slug":"apara-lapis-mr-plastico-redondo-1-uso-com-deposito","status":"publish","type":"product","link":"https:\/\/ifoffice.pt\/?product=apara-lapis-mr-plastico-redondo-1-uso-com-deposito","title":{"rendered":"Apara lapis m+r plastico redondo 1 uso com deposito"},"content":{"rendered":"<p>Apara l\u00e1pis com interior met\u00e1lico e cobertura de pl\u00e1stico. Cont\u00e9m dep\u00f3sito. Um uso.<\/p>\n","protected":false},"excerpt":{"rendered":"<p>PACK DE 10 UNIDADES<\/p>\n","protected":false},"featured_media":129729,"comment_status":"closed","ping_status":"closed","template":"","meta":{"neve_meta_sidebar":"","neve_meta_container":"","neve_meta_enable_content_width":"off","neve_meta_content_width":0,"neve_meta_title_alignment":"","neve_meta_author_avatar":"","neve_post_elements_order":"","neve_meta_disable_header":"","neve_meta_disable_footer":"","neve_meta_disable_title":""},"product_brand":[],"product_cat":[1858],"product_tag":[1381],"class_list":{"0":"post-96157","1":"product","2":"type-product","3":"status-publish","4":"has-post-thumbnail","6":"product_cat-apara-lapis","7":"product_tag-1-uso","9":"first","10":"instock","11":"taxable","12":"shipping-taxable","13":"purchasable","14":"product-type-simple"},"_links":{"self":[{"href":"https:\/\/ifoffice.pt\/index.php?rest_route=\/wp\/v2\/product\/96157","targetHints":{"allow":["GET"]}}],"collection":[{"href":"https:\/\/ifoffice.pt\/index.php?rest_route=\/wp\/v2\/product"}],"about":[{"href":"https:\/\/ifoffice.pt\/index.php?rest_route=\/wp\/v2\/types\/product"}],"replies":[{"embeddable":true,"href":"https:\/\/ifoffice.pt\/index.php?rest_route=%2Fwp%2Fv2%2Fcomments&post=96157"}],"wp:featuredmedia":[{"embeddable":true,"href":"https:\/\/ifoffice.pt\/index.php?rest_route=\/wp\/v2\/media\/129729"}],"wp:attachment":[{"href":"https:\/\/ifoffice.pt\/index.php?rest_route=%2Fwp%2Fv2%2Fmedia&parent=96157"}],"wp:term":[{"taxonomy":"product_brand","embeddable":true,"href":"https:\/\/ifoffice.pt\/index.php?rest_route=%2Fwp%2Fv2%2Fproduct_brand&post=96157"},{"taxonomy":"product_cat","embeddable":true,"href":"https:\/\/ifoffice.pt\/index.php?rest_route=%2Fwp%2Fv2%2Fproduct_cat&post=96157"},{"taxonomy":"product_tag","embeddable":true,"href":"https:\/\/ifoffice.pt\/index.php?rest_route=%2Fwp%2Fv2%2Fproduct_tag&post=96157"}],"curies":[{"name":"wp","href":"https:\/\/api.w.org\/{rel}","templated":true}]}}