{"id":96155,"date":"2021-01-22T23:07:51","date_gmt":"2021-01-22T23:07:51","guid":{"rendered":"https:\/\/ifoffice.pt\/produto\/import-placeholder-for-29700\/"},"modified":"2026-02-23T13:30:41","modified_gmt":"2026-02-23T13:30:41","slug":"esquadro-geometria","status":"publish","type":"product","link":"https:\/\/ifoffice.pt\/?product=esquadro-geometria","title":{"rendered":"Esquadro geometria"},"content":{"rendered":"<p>Esquadro de desenho t\u00e9cnico. Com orif\u00edcio para a agulha do compasso.  Escala oposta de cor vermelha e divis\u00e3o angular de 180\u00ba &#8211; 1\u00aa linha 45\u00ba.  Sinaliza\u00e7\u00e3o dos \u00e2ngulos 7\u00ba, 42\u00ba, 75\u00ba. Escala em mil\u00edmetros para tra\u00e7ar linhas  paralelas. Canto para tinta da china. Com pega.<\/p>\n","protected":false},"excerpt":{"rendered":"<p>Esquadro geometria<\/p>\n","protected":false},"featured_media":130586,"comment_status":"closed","ping_status":"closed","template":"","meta":{"neve_meta_sidebar":"","neve_meta_container":"","neve_meta_enable_content_width":"off","neve_meta_content_width":0,"neve_meta_title_alignment":"","neve_meta_author_avatar":"","neve_post_elements_order":"","neve_meta_disable_header":"","neve_meta_disable_footer":"","neve_meta_disable_title":""},"product_brand":[],"product_cat":[2490],"product_tag":[2142],"class_list":{"0":"post-96155","1":"product","2":"type-product","3":"status-publish","4":"has-post-thumbnail","6":"product_cat-raguas","7":"product_tag-esquadro","9":"first","10":"instock","11":"taxable","12":"shipping-taxable","13":"purchasable","14":"product-type-simple"},"_links":{"self":[{"href":"https:\/\/ifoffice.pt\/index.php?rest_route=\/wp\/v2\/product\/96155","targetHints":{"allow":["GET"]}}],"collection":[{"href":"https:\/\/ifoffice.pt\/index.php?rest_route=\/wp\/v2\/product"}],"about":[{"href":"https:\/\/ifoffice.pt\/index.php?rest_route=\/wp\/v2\/types\/product"}],"replies":[{"embeddable":true,"href":"https:\/\/ifoffice.pt\/index.php?rest_route=%2Fwp%2Fv2%2Fcomments&post=96155"}],"wp:featuredmedia":[{"embeddable":true,"href":"https:\/\/ifoffice.pt\/index.php?rest_route=\/wp\/v2\/media\/130586"}],"wp:attachment":[{"href":"https:\/\/ifoffice.pt\/index.php?rest_route=%2Fwp%2Fv2%2Fmedia&parent=96155"}],"wp:term":[{"taxonomy":"product_brand","embeddable":true,"href":"https:\/\/ifoffice.pt\/index.php?rest_route=%2Fwp%2Fv2%2Fproduct_brand&post=96155"},{"taxonomy":"product_cat","embeddable":true,"href":"https:\/\/ifoffice.pt\/index.php?rest_route=%2Fwp%2Fv2%2Fproduct_cat&post=96155"},{"taxonomy":"product_tag","embeddable":true,"href":"https:\/\/ifoffice.pt\/index.php?rest_route=%2Fwp%2Fv2%2Fproduct_tag&post=96155"}],"curies":[{"name":"wp","href":"https:\/\/api.w.org\/{rel}","templated":true}]}}