{"id":96109,"date":"2021-01-22T23:07:27","date_gmt":"2021-01-22T23:07:27","guid":{"rendered":"https:\/\/ifoffice.pt\/produto\/import-placeholder-for-31168\/"},"modified":"2026-02-23T13:30:37","modified_gmt":"2026-02-23T13:30:37","slug":"cola-em-stick-uhu-de-40-gr","status":"publish","type":"product","link":"https:\/\/ifoffice.pt\/?product=cola-em-stick-uhu-de-40-gr","title":{"rendered":"Cola em stick uhu de 40 gr"},"content":{"rendered":"<p>Seca sem formas enrugadas. R\u00e1pida, limpa e econ\u00f3mica. N\u00e3o cont\u00e9m solventes. Cola permanente e lav\u00e1vel. A cola stick.<\/p>\n","protected":false},"excerpt":{"rendered":"<p>Cola em stick uhu de 40 gr<\/p>\n","protected":false},"featured_media":130178,"comment_status":"closed","ping_status":"closed","template":"","meta":{"neve_meta_sidebar":"","neve_meta_container":"","neve_meta_enable_content_width":"off","neve_meta_content_width":100,"neve_meta_title_alignment":"","neve_meta_author_avatar":"","neve_post_elements_order":"","neve_meta_disable_header":"","neve_meta_disable_footer":"","neve_meta_disable_title":""},"product_brand":[],"product_cat":[1760],"product_tag":[813],"class_list":{"0":"post-96109","1":"product","2":"type-product","3":"status-publish","4":"has-post-thumbnail","6":"product_cat-cola-baton","7":"product_tag-solido","9":"first","10":"instock","11":"taxable","12":"shipping-taxable","13":"purchasable","14":"product-type-simple"},"_links":{"self":[{"href":"https:\/\/ifoffice.pt\/index.php?rest_route=\/wp\/v2\/product\/96109","targetHints":{"allow":["GET"]}}],"collection":[{"href":"https:\/\/ifoffice.pt\/index.php?rest_route=\/wp\/v2\/product"}],"about":[{"href":"https:\/\/ifoffice.pt\/index.php?rest_route=\/wp\/v2\/types\/product"}],"replies":[{"embeddable":true,"href":"https:\/\/ifoffice.pt\/index.php?rest_route=%2Fwp%2Fv2%2Fcomments&post=96109"}],"wp:featuredmedia":[{"embeddable":true,"href":"https:\/\/ifoffice.pt\/index.php?rest_route=\/wp\/v2\/media\/130178"}],"wp:attachment":[{"href":"https:\/\/ifoffice.pt\/index.php?rest_route=%2Fwp%2Fv2%2Fmedia&parent=96109"}],"wp:term":[{"taxonomy":"product_brand","embeddable":true,"href":"https:\/\/ifoffice.pt\/index.php?rest_route=%2Fwp%2Fv2%2Fproduct_brand&post=96109"},{"taxonomy":"product_cat","embeddable":true,"href":"https:\/\/ifoffice.pt\/index.php?rest_route=%2Fwp%2Fv2%2Fproduct_cat&post=96109"},{"taxonomy":"product_tag","embeddable":true,"href":"https:\/\/ifoffice.pt\/index.php?rest_route=%2Fwp%2Fv2%2Fproduct_tag&post=96109"}],"curies":[{"name":"wp","href":"https:\/\/api.w.org\/{rel}","templated":true}]}}