{"id":96102,"date":"2021-01-22T23:07:26","date_gmt":"2021-01-22T23:07:26","guid":{"rendered":"https:\/\/ifoffice.pt\/produto\/import-placeholder-for-31223\/"},"modified":"2026-02-23T14:53:03","modified_gmt":"2026-02-23T14:53:03","slug":"cola-pega-pen-da-uhu-de-50-ml","status":"publish","type":"product","link":"https:\/\/ifoffice.pt\/?product=cola-pega-pen-da-uhu-de-50-ml","title":{"rendered":"Cola pega pen da uhu de 50 ml"},"content":{"rendered":"<p>Cola de 50 ml transparente com aplicador em forma de l\u00e1pis. O seu desenho permite um uso f\u00e1cil e torna-o perfeito para uso na escola, em casa e para m\u00faltiplas manualidades. Cola para papel e cart\u00e3o. N\u00e3o t\u00f3xico. N\u00e3o cont\u00e9m solventes. Lav\u00e1vel. O tubo.<\/p>\n","protected":false},"excerpt":{"rendered":"<p>PACK DE 20 UNIDADES<\/p>\n","protected":false},"featured_media":129970,"comment_status":"closed","ping_status":"closed","template":"","meta":{"neve_meta_sidebar":"","neve_meta_container":"","neve_meta_enable_content_width":"off","neve_meta_content_width":0,"neve_meta_title_alignment":"","neve_meta_author_avatar":"","neve_post_elements_order":"","neve_meta_disable_header":"","neve_meta_disable_footer":"","neve_meta_disable_title":""},"product_brand":[],"product_cat":[1758],"product_tag":[810],"class_list":{"0":"post-96102","1":"product","2":"type-product","3":"status-publish","4":"has-post-thumbnail","6":"product_cat-cola-em-tubo","7":"product_tag-cola","9":"first","10":"instock","11":"taxable","12":"shipping-taxable","13":"purchasable","14":"product-type-simple"},"_links":{"self":[{"href":"https:\/\/ifoffice.pt\/index.php?rest_route=\/wp\/v2\/product\/96102","targetHints":{"allow":["GET"]}}],"collection":[{"href":"https:\/\/ifoffice.pt\/index.php?rest_route=\/wp\/v2\/product"}],"about":[{"href":"https:\/\/ifoffice.pt\/index.php?rest_route=\/wp\/v2\/types\/product"}],"replies":[{"embeddable":true,"href":"https:\/\/ifoffice.pt\/index.php?rest_route=%2Fwp%2Fv2%2Fcomments&post=96102"}],"wp:featuredmedia":[{"embeddable":true,"href":"https:\/\/ifoffice.pt\/index.php?rest_route=\/wp\/v2\/media\/129970"}],"wp:attachment":[{"href":"https:\/\/ifoffice.pt\/index.php?rest_route=%2Fwp%2Fv2%2Fmedia&parent=96102"}],"wp:term":[{"taxonomy":"product_brand","embeddable":true,"href":"https:\/\/ifoffice.pt\/index.php?rest_route=%2Fwp%2Fv2%2Fproduct_brand&post=96102"},{"taxonomy":"product_cat","embeddable":true,"href":"https:\/\/ifoffice.pt\/index.php?rest_route=%2Fwp%2Fv2%2Fproduct_cat&post=96102"},{"taxonomy":"product_tag","embeddable":true,"href":"https:\/\/ifoffice.pt\/index.php?rest_route=%2Fwp%2Fv2%2Fproduct_tag&post=96102"}],"curies":[{"name":"wp","href":"https:\/\/api.w.org\/{rel}","templated":true}]}}