{"id":96091,"date":"2021-01-22T23:07:24","date_gmt":"2021-01-22T23:07:24","guid":{"rendered":"https:\/\/ifoffice.pt\/produto\/import-placeholder-for-31287\/"},"modified":"2026-02-23T13:30:33","modified_gmt":"2026-02-23T13:30:33","slug":"porta-notas-saro-com-mola-preto-quarto","status":"publish","type":"product","link":"https:\/\/ifoffice.pt\/?product=porta-notas-saro-com-mola-preto-quarto","title":{"rendered":"Porta notas saro com mola preto quarto"},"content":{"rendered":"<p>Capa com mola, em cart\u00e3o forrado a pl\u00e1stico, interior e exteriormente. Ferragem de press\u00e3o.<\/p>\n","protected":false},"excerpt":{"rendered":"<p>Porta notas saro com mola preto quarto<\/p>\n","protected":false},"featured_media":131909,"comment_status":"closed","ping_status":"closed","template":"","meta":{"neve_meta_sidebar":"","neve_meta_container":"","neve_meta_enable_content_width":"","neve_meta_content_width":0,"neve_meta_title_alignment":"","neve_meta_author_avatar":"","neve_post_elements_order":"","neve_meta_disable_header":"","neve_meta_disable_footer":"","neve_meta_disable_title":""},"product_brand":[],"product_cat":[1784],"product_tag":[1996],"class_list":{"0":"post-96091","1":"product","2":"type-product","3":"status-publish","4":"has-post-thumbnail","6":"product_cat-capas-classificadoras","7":"product_tag-quarto","9":"first","10":"instock","11":"taxable","12":"shipping-taxable","13":"purchasable","14":"product-type-simple"},"_links":{"self":[{"href":"https:\/\/ifoffice.pt\/index.php?rest_route=\/wp\/v2\/product\/96091","targetHints":{"allow":["GET"]}}],"collection":[{"href":"https:\/\/ifoffice.pt\/index.php?rest_route=\/wp\/v2\/product"}],"about":[{"href":"https:\/\/ifoffice.pt\/index.php?rest_route=\/wp\/v2\/types\/product"}],"replies":[{"embeddable":true,"href":"https:\/\/ifoffice.pt\/index.php?rest_route=%2Fwp%2Fv2%2Fcomments&post=96091"}],"wp:featuredmedia":[{"embeddable":true,"href":"https:\/\/ifoffice.pt\/index.php?rest_route=\/wp\/v2\/media\/131909"}],"wp:attachment":[{"href":"https:\/\/ifoffice.pt\/index.php?rest_route=%2Fwp%2Fv2%2Fmedia&parent=96091"}],"wp:term":[{"taxonomy":"product_brand","embeddable":true,"href":"https:\/\/ifoffice.pt\/index.php?rest_route=%2Fwp%2Fv2%2Fproduct_brand&post=96091"},{"taxonomy":"product_cat","embeddable":true,"href":"https:\/\/ifoffice.pt\/index.php?rest_route=%2Fwp%2Fv2%2Fproduct_cat&post=96091"},{"taxonomy":"product_tag","embeddable":true,"href":"https:\/\/ifoffice.pt\/index.php?rest_route=%2Fwp%2Fv2%2Fproduct_tag&post=96091"}],"curies":[{"name":"wp","href":"https:\/\/api.w.org\/{rel}","templated":true}]}}