{"id":96050,"date":"2021-01-22T23:07:00","date_gmt":"2021-01-22T23:07:00","guid":{"rendered":"https:\/\/ifoffice.pt\/produto\/import-placeholder-for-31378\/"},"modified":"2025-05-14T09:53:53","modified_gmt":"2025-05-14T09:53:53","slug":"pasta-portfolio-com-fecho-castanha-4-x-40-mm","status":"publish","type":"product","link":"https:\/\/ifoffice.pt\/?product=pasta-portfolio-com-fecho-castanha-4-x-40-mm","title":{"rendered":"Pasta portfolio com fecho castanha 4 x 40 mm"},"content":{"rendered":"<p>Com fecho \u00e9clair, bloco de notas, suporte para esferogr\u00e1fica, calculadora, porta cart\u00f5es de visita e uma bolsa para telem\u00f3vel, 1 compartimento com aba. Formato Din A4. Medidas: 355 x 260 x 10 mm. A\u00a0pasta.<\/p>\n","protected":false},"excerpt":{"rendered":"<p>Pasta portfolio com fecho castanha 4 x 40 mm<\/p>\n","protected":false},"featured_media":131233,"comment_status":"closed","ping_status":"closed","template":"","meta":{"neve_meta_sidebar":"","neve_meta_container":"","neve_meta_enable_content_width":"off","neve_meta_content_width":0,"neve_meta_title_alignment":"","neve_meta_author_avatar":"","neve_post_elements_order":"","neve_meta_disable_header":"","neve_meta_disable_footer":"","neve_meta_disable_title":""},"product_brand":[],"product_cat":[1827],"product_tag":[1146],"class_list":{"0":"post-96050","1":"product","2":"type-product","3":"status-publish","4":"has-post-thumbnail","6":"product_cat-pastas-porta-documentos","7":"product_tag-pastas","9":"first","10":"instock","11":"taxable","12":"shipping-taxable","13":"purchasable","14":"product-type-variable"},"_links":{"self":[{"href":"https:\/\/ifoffice.pt\/index.php?rest_route=\/wp\/v2\/product\/96050","targetHints":{"allow":["GET"]}}],"collection":[{"href":"https:\/\/ifoffice.pt\/index.php?rest_route=\/wp\/v2\/product"}],"about":[{"href":"https:\/\/ifoffice.pt\/index.php?rest_route=\/wp\/v2\/types\/product"}],"replies":[{"embeddable":true,"href":"https:\/\/ifoffice.pt\/index.php?rest_route=%2Fwp%2Fv2%2Fcomments&post=96050"}],"wp:featuredmedia":[{"embeddable":true,"href":"https:\/\/ifoffice.pt\/index.php?rest_route=\/wp\/v2\/media\/131233"}],"wp:attachment":[{"href":"https:\/\/ifoffice.pt\/index.php?rest_route=%2Fwp%2Fv2%2Fmedia&parent=96050"}],"wp:term":[{"taxonomy":"product_brand","embeddable":true,"href":"https:\/\/ifoffice.pt\/index.php?rest_route=%2Fwp%2Fv2%2Fproduct_brand&post=96050"},{"taxonomy":"product_cat","embeddable":true,"href":"https:\/\/ifoffice.pt\/index.php?rest_route=%2Fwp%2Fv2%2Fproduct_cat&post=96050"},{"taxonomy":"product_tag","embeddable":true,"href":"https:\/\/ifoffice.pt\/index.php?rest_route=%2Fwp%2Fv2%2Fproduct_tag&post=96050"}],"curies":[{"name":"wp","href":"https:\/\/api.w.org\/{rel}","templated":true}]}}