{"id":95992,"date":"2021-01-22T23:06:34","date_gmt":"2021-01-22T23:06:34","guid":{"rendered":"https:\/\/ifoffice.pt\/produto\/import-placeholder-for-31619\/"},"modified":"2026-02-23T13:30:22","modified_gmt":"2026-02-23T13:30:22","slug":"porta-clips-q-connect-de-plastico-redondo","status":"publish","type":"product","link":"https:\/\/ifoffice.pt\/?product=porta-clips-q-connect-de-plastico-redondo","title":{"rendered":"Porta clips q-connect de plastico redondo"},"content":{"rendered":"<p>Forma redonda. Magn\u00e9tico. Dep\u00f3sito transparente com 2 departamentos. Cont\u00e9m clips. Medidas: \u00d8 60,4 x 72,5 mm. O porta clips.<\/p>\n","protected":false},"excerpt":{"rendered":"<p>Porta clips q-connect de plastico redondo<\/p>\n","protected":false},"featured_media":130352,"comment_status":"closed","ping_status":"closed","template":"","meta":{"neve_meta_sidebar":"","neve_meta_container":"","neve_meta_enable_content_width":"","neve_meta_content_width":0,"neve_meta_title_alignment":"","neve_meta_author_avatar":"","neve_post_elements_order":"","neve_meta_disable_header":"","neve_meta_disable_footer":"","neve_meta_disable_title":""},"product_brand":[],"product_cat":[1953],"product_tag":[1535],"class_list":{"0":"post-95992","1":"product","2":"type-product","3":"status-publish","4":"has-post-thumbnail","6":"product_cat-porta-clips","7":"product_tag-porta-clips","9":"first","10":"instock","11":"sale","12":"taxable","13":"shipping-taxable","14":"purchasable","15":"product-type-simple"},"_links":{"self":[{"href":"https:\/\/ifoffice.pt\/index.php?rest_route=\/wp\/v2\/product\/95992","targetHints":{"allow":["GET"]}}],"collection":[{"href":"https:\/\/ifoffice.pt\/index.php?rest_route=\/wp\/v2\/product"}],"about":[{"href":"https:\/\/ifoffice.pt\/index.php?rest_route=\/wp\/v2\/types\/product"}],"replies":[{"embeddable":true,"href":"https:\/\/ifoffice.pt\/index.php?rest_route=%2Fwp%2Fv2%2Fcomments&post=95992"}],"wp:featuredmedia":[{"embeddable":true,"href":"https:\/\/ifoffice.pt\/index.php?rest_route=\/wp\/v2\/media\/130352"}],"wp:attachment":[{"href":"https:\/\/ifoffice.pt\/index.php?rest_route=%2Fwp%2Fv2%2Fmedia&parent=95992"}],"wp:term":[{"taxonomy":"product_brand","embeddable":true,"href":"https:\/\/ifoffice.pt\/index.php?rest_route=%2Fwp%2Fv2%2Fproduct_brand&post=95992"},{"taxonomy":"product_cat","embeddable":true,"href":"https:\/\/ifoffice.pt\/index.php?rest_route=%2Fwp%2Fv2%2Fproduct_cat&post=95992"},{"taxonomy":"product_tag","embeddable":true,"href":"https:\/\/ifoffice.pt\/index.php?rest_route=%2Fwp%2Fv2%2Fproduct_tag&post=95992"}],"curies":[{"name":"wp","href":"https:\/\/api.w.org\/{rel}","templated":true}]}}