{"id":95961,"date":"2021-01-22T23:06:11","date_gmt":"2021-01-22T23:06:11","guid":{"rendered":"https:\/\/ifoffice.pt\/produto\/import-placeholder-for-31625\/"},"modified":"2026-02-23T13:30:21","modified_gmt":"2026-02-23T13:30:21","slug":"pasta-de-elasticos-q-connect-din-a4-com-abas-azul","status":"publish","type":"product","link":"https:\/\/ifoffice.pt\/?product=pasta-de-elasticos-q-connect-din-a4-com-abas-azul","title":{"rendered":"Pasta de elasticos q-connect din a4 com abas azul"},"content":{"rendered":"<p>Pasta de el\u00e1sticos em cart\u00e3o. Fecho de el\u00e1sticos. 3 abas. Etiqueta adesiva na lombada. Formato A4. Lombada de 15 mm.<\/p>\n","protected":false},"excerpt":{"rendered":"<p>Pasta de elasticos q-connect din a4 com abas azul<\/p>\n","protected":false},"featured_media":130434,"comment_status":"closed","ping_status":"closed","template":"","meta":{"neve_meta_sidebar":"","neve_meta_container":"","neve_meta_enable_content_width":"off","neve_meta_content_width":100,"neve_meta_title_alignment":"","neve_meta_author_avatar":"","neve_post_elements_order":"","neve_meta_disable_header":"","neve_meta_disable_footer":"","neve_meta_disable_title":""},"product_brand":[],"product_cat":[1880],"product_tag":[1365],"class_list":{"0":"post-95961","1":"product","2":"type-product","3":"status-publish","4":"has-post-thumbnail","6":"product_cat-capas-de-elasticos","7":"product_tag-abas","9":"first","10":"instock","11":"taxable","12":"shipping-taxable","13":"purchasable","14":"product-type-simple"},"_links":{"self":[{"href":"https:\/\/ifoffice.pt\/index.php?rest_route=\/wp\/v2\/product\/95961","targetHints":{"allow":["GET"]}}],"collection":[{"href":"https:\/\/ifoffice.pt\/index.php?rest_route=\/wp\/v2\/product"}],"about":[{"href":"https:\/\/ifoffice.pt\/index.php?rest_route=\/wp\/v2\/types\/product"}],"replies":[{"embeddable":true,"href":"https:\/\/ifoffice.pt\/index.php?rest_route=%2Fwp%2Fv2%2Fcomments&post=95961"}],"wp:featuredmedia":[{"embeddable":true,"href":"https:\/\/ifoffice.pt\/index.php?rest_route=\/wp\/v2\/media\/130434"}],"wp:attachment":[{"href":"https:\/\/ifoffice.pt\/index.php?rest_route=%2Fwp%2Fv2%2Fmedia&parent=95961"}],"wp:term":[{"taxonomy":"product_brand","embeddable":true,"href":"https:\/\/ifoffice.pt\/index.php?rest_route=%2Fwp%2Fv2%2Fproduct_brand&post=95961"},{"taxonomy":"product_cat","embeddable":true,"href":"https:\/\/ifoffice.pt\/index.php?rest_route=%2Fwp%2Fv2%2Fproduct_cat&post=95961"},{"taxonomy":"product_tag","embeddable":true,"href":"https:\/\/ifoffice.pt\/index.php?rest_route=%2Fwp%2Fv2%2Fproduct_tag&post=95961"}],"curies":[{"name":"wp","href":"https:\/\/api.w.org\/{rel}","templated":true}]}}