{"id":95903,"date":"2021-01-22T23:05:46","date_gmt":"2021-01-22T23:05:46","guid":{"rendered":"https:\/\/ifoffice.pt\/produto\/import-placeholder-for-31788\/"},"modified":"2025-03-12T11:59:08","modified_gmt":"2025-03-12T11:59:08","slug":"album-de-fotografias-pardo-serie-premier-com-caixa-castanha","status":"publish","type":"product","link":"https:\/\/ifoffice.pt\/?product=album-de-fotografias-pardo-serie-premier-com-caixa-castanha","title":{"rendered":"Album de fotografias pardo serie premier com caixa castanha fornecido sem os separadores de pl\u00e1stico"},"content":{"rendered":"<p>\u00c1lbum fotogr\u00e1fico de 4 an\u00e9is. Fabricado em cart\u00e3o com aspeto de livro antigo. Grava\u00e7\u00e3o em dourado, com caixa. An\u00e9is de 40 mm. Dimens\u00f5es: 330 x 295 mm.<\/p>\n","protected":false},"excerpt":{"rendered":"<p>Album de fotografias pardo serie premier com caixa castanha<\/p>\n","protected":false},"featured_media":131378,"comment_status":"closed","ping_status":"closed","template":"","meta":{"neve_meta_sidebar":"","neve_meta_container":"","neve_meta_enable_content_width":"off","neve_meta_content_width":0,"neve_meta_title_alignment":"","neve_meta_author_avatar":"","neve_post_elements_order":"","neve_meta_disable_header":"","neve_meta_disable_footer":"","neve_meta_disable_title":""},"product_brand":[],"product_cat":[2191],"product_tag":[],"class_list":{"0":"post-95903","1":"product","2":"type-product","3":"status-publish","4":"has-post-thumbnail","6":"product_cat-albuns-e-acessorios","8":"first","9":"outofstock","10":"taxable","11":"shipping-taxable","12":"purchasable","13":"product-type-simple"},"_links":{"self":[{"href":"https:\/\/ifoffice.pt\/index.php?rest_route=\/wp\/v2\/product\/95903","targetHints":{"allow":["GET"]}}],"collection":[{"href":"https:\/\/ifoffice.pt\/index.php?rest_route=\/wp\/v2\/product"}],"about":[{"href":"https:\/\/ifoffice.pt\/index.php?rest_route=\/wp\/v2\/types\/product"}],"replies":[{"embeddable":true,"href":"https:\/\/ifoffice.pt\/index.php?rest_route=%2Fwp%2Fv2%2Fcomments&post=95903"}],"wp:featuredmedia":[{"embeddable":true,"href":"https:\/\/ifoffice.pt\/index.php?rest_route=\/wp\/v2\/media\/131378"}],"wp:attachment":[{"href":"https:\/\/ifoffice.pt\/index.php?rest_route=%2Fwp%2Fv2%2Fmedia&parent=95903"}],"wp:term":[{"taxonomy":"product_brand","embeddable":true,"href":"https:\/\/ifoffice.pt\/index.php?rest_route=%2Fwp%2Fv2%2Fproduct_brand&post=95903"},{"taxonomy":"product_cat","embeddable":true,"href":"https:\/\/ifoffice.pt\/index.php?rest_route=%2Fwp%2Fv2%2Fproduct_cat&post=95903"},{"taxonomy":"product_tag","embeddable":true,"href":"https:\/\/ifoffice.pt\/index.php?rest_route=%2Fwp%2Fv2%2Fproduct_tag&post=95903"}],"curies":[{"name":"wp","href":"https:\/\/api.w.org\/{rel}","templated":true}]}}