{"id":95899,"date":"2021-01-22T23:05:45","date_gmt":"2021-01-22T23:05:45","guid":{"rendered":"https:\/\/ifoffice.pt\/produto\/import-placeholder-for-31905\/"},"modified":"2026-02-23T13:30:15","modified_gmt":"2026-02-23T13:30:15","slug":"papel-verge-liderpapel-din-a4-90-gr-branco-pack-de-100-folhas","status":"publish","type":"product","link":"https:\/\/ifoffice.pt\/?product=papel-verge-liderpapel-din-a4-90-gr-branco-pack-de-100-folhas","title":{"rendered":"Papel verge liderpapel din a4 90 gr branco embalagem de 100 folhas"},"content":{"rendered":"<p>Impress\u00e3o de alta qualidade em tinteiro, laser ou fotocopiadora. Papel indicado para comunica\u00e7\u00f5es de qualidade e alta imagem. Formato Din A4.  Embalagem de 100 folhas.<\/p>\n","protected":false},"excerpt":{"rendered":"<p>Papel verge liderpapel din a4 90 gr branco embalagem de 100 folhas<\/p>\n","protected":false},"featured_media":124615,"comment_status":"closed","ping_status":"closed","template":"","meta":{"neve_meta_sidebar":"","neve_meta_container":"","neve_meta_enable_content_width":"","neve_meta_content_width":0,"neve_meta_title_alignment":"","neve_meta_author_avatar":"","neve_post_elements_order":"","neve_meta_disable_header":"","neve_meta_disable_footer":"","neve_meta_disable_title":""},"product_brand":[],"product_cat":[1845],"product_tag":[1982],"class_list":{"0":"post-95899","1":"product","2":"type-product","3":"status-publish","4":"has-post-thumbnail","6":"product_cat-papel-fotocopia","7":"product_tag-verge","9":"first","10":"instock","11":"taxable","12":"shipping-taxable","13":"purchasable","14":"product-type-simple"},"_links":{"self":[{"href":"https:\/\/ifoffice.pt\/index.php?rest_route=\/wp\/v2\/product\/95899","targetHints":{"allow":["GET"]}}],"collection":[{"href":"https:\/\/ifoffice.pt\/index.php?rest_route=\/wp\/v2\/product"}],"about":[{"href":"https:\/\/ifoffice.pt\/index.php?rest_route=\/wp\/v2\/types\/product"}],"replies":[{"embeddable":true,"href":"https:\/\/ifoffice.pt\/index.php?rest_route=%2Fwp%2Fv2%2Fcomments&post=95899"}],"wp:featuredmedia":[{"embeddable":true,"href":"https:\/\/ifoffice.pt\/index.php?rest_route=\/wp\/v2\/media\/124615"}],"wp:attachment":[{"href":"https:\/\/ifoffice.pt\/index.php?rest_route=%2Fwp%2Fv2%2Fmedia&parent=95899"}],"wp:term":[{"taxonomy":"product_brand","embeddable":true,"href":"https:\/\/ifoffice.pt\/index.php?rest_route=%2Fwp%2Fv2%2Fproduct_brand&post=95899"},{"taxonomy":"product_cat","embeddable":true,"href":"https:\/\/ifoffice.pt\/index.php?rest_route=%2Fwp%2Fv2%2Fproduct_cat&post=95899"},{"taxonomy":"product_tag","embeddable":true,"href":"https:\/\/ifoffice.pt\/index.php?rest_route=%2Fwp%2Fv2%2Fproduct_tag&post=95899"}],"curies":[{"name":"wp","href":"https:\/\/api.w.org\/{rel}","templated":true}]}}