{"id":95721,"date":"2021-01-22T23:04:08","date_gmt":"2021-01-22T23:04:08","guid":{"rendered":"https:\/\/ifoffice.pt\/produto\/import-placeholder-for-32399\/"},"modified":"2026-02-23T13:29:57","modified_gmt":"2026-02-23T13:29:57","slug":"bloco-de-notas-adesivas-post-it-coracao-neon","status":"publish","type":"product","link":"https:\/\/ifoffice.pt\/?product=bloco-de-notas-adesivas-post-it-coracao-neon","title":{"rendered":"Bloco de notas adesivas post-it coracao neon"},"content":{"rendered":"<p>Os novos cubos com formas divertidas e atrativas combina\u00e7\u00f5es de cores, permitem dar  largas \u00e0 imagina\u00e7\u00e3o. A forma mais divertida de utilizar as notas Post-it.<\/p>\n","protected":false},"excerpt":{"rendered":"<p>Bloco de notas adesivas post-it coracao neon<\/p>\n","protected":false},"featured_media":124527,"comment_status":"closed","ping_status":"closed","template":"","meta":{"neve_meta_sidebar":"","neve_meta_container":"","neve_meta_enable_content_width":"off","neve_meta_content_width":0,"neve_meta_title_alignment":"","neve_meta_author_avatar":"","neve_post_elements_order":"","neve_meta_disable_header":"","neve_meta_disable_footer":"","neve_meta_disable_title":""},"product_brand":[],"product_cat":[1919],"product_tag":[2046],"class_list":{"0":"post-95721","1":"product","2":"type-product","3":"status-publish","4":"has-post-thumbnail","6":"product_cat-blocos-de-notas-adesivas","7":"product_tag-adesivas","9":"first","10":"instock","11":"taxable","12":"shipping-taxable","13":"purchasable","14":"product-type-simple"},"_links":{"self":[{"href":"https:\/\/ifoffice.pt\/index.php?rest_route=\/wp\/v2\/product\/95721","targetHints":{"allow":["GET"]}}],"collection":[{"href":"https:\/\/ifoffice.pt\/index.php?rest_route=\/wp\/v2\/product"}],"about":[{"href":"https:\/\/ifoffice.pt\/index.php?rest_route=\/wp\/v2\/types\/product"}],"replies":[{"embeddable":true,"href":"https:\/\/ifoffice.pt\/index.php?rest_route=%2Fwp%2Fv2%2Fcomments&post=95721"}],"wp:featuredmedia":[{"embeddable":true,"href":"https:\/\/ifoffice.pt\/index.php?rest_route=\/wp\/v2\/media\/124527"}],"wp:attachment":[{"href":"https:\/\/ifoffice.pt\/index.php?rest_route=%2Fwp%2Fv2%2Fmedia&parent=95721"}],"wp:term":[{"taxonomy":"product_brand","embeddable":true,"href":"https:\/\/ifoffice.pt\/index.php?rest_route=%2Fwp%2Fv2%2Fproduct_brand&post=95721"},{"taxonomy":"product_cat","embeddable":true,"href":"https:\/\/ifoffice.pt\/index.php?rest_route=%2Fwp%2Fv2%2Fproduct_cat&post=95721"},{"taxonomy":"product_tag","embeddable":true,"href":"https:\/\/ifoffice.pt\/index.php?rest_route=%2Fwp%2Fv2%2Fproduct_tag&post=95721"}],"curies":[{"name":"wp","href":"https:\/\/api.w.org\/{rel}","templated":true}]}}