{"id":95636,"date":"2021-01-22T23:03:19","date_gmt":"2021-01-22T23:03:19","guid":{"rendered":"https:\/\/ifoffice.pt\/produto\/import-placeholder-for-32648\/"},"modified":"2026-02-23T13:29:51","modified_gmt":"2026-02-23T13:29:51","slug":"base-secretaria-q-connect-pvc-preta-500x650-mm","status":"publish","type":"product","link":"https:\/\/ifoffice.pt\/?product=base-secretaria-q-connect-pvc-preta-500x650-mm","title":{"rendered":"Base secretaria q-connect pvc preta 500&#215;650 mm"},"content":{"rendered":"<p>Base fabricada em PVC, com aba transparente. Antiest\u00e1tico, antirreflexo e antideslizante. N\u00e3o inclui acess\u00f3rios. Medidas: 500 x 650 mm. A base.<\/p>\n","protected":false},"excerpt":{"rendered":"<p>Base secretaria q-connect pvc preta 500&#215;650 mm<\/p>\n","protected":false},"featured_media":124496,"comment_status":"closed","ping_status":"closed","template":"","meta":{"neve_meta_sidebar":"","neve_meta_container":"","neve_meta_enable_content_width":"off","neve_meta_content_width":0,"neve_meta_title_alignment":"","neve_meta_author_avatar":"","neve_post_elements_order":"","neve_meta_disable_header":"","neve_meta_disable_footer":"","neve_meta_disable_title":""},"product_brand":[],"product_cat":[1912],"product_tag":[946],"class_list":{"0":"post-95636","1":"product","2":"type-product","3":"status-publish","4":"has-post-thumbnail","6":"product_cat-conjuntos-de-secretaria","7":"product_tag-plastico","9":"first","10":"instock","11":"sale","12":"taxable","13":"shipping-taxable","14":"purchasable","15":"product-type-simple"},"_links":{"self":[{"href":"https:\/\/ifoffice.pt\/index.php?rest_route=\/wp\/v2\/product\/95636","targetHints":{"allow":["GET"]}}],"collection":[{"href":"https:\/\/ifoffice.pt\/index.php?rest_route=\/wp\/v2\/product"}],"about":[{"href":"https:\/\/ifoffice.pt\/index.php?rest_route=\/wp\/v2\/types\/product"}],"replies":[{"embeddable":true,"href":"https:\/\/ifoffice.pt\/index.php?rest_route=%2Fwp%2Fv2%2Fcomments&post=95636"}],"wp:featuredmedia":[{"embeddable":true,"href":"https:\/\/ifoffice.pt\/index.php?rest_route=\/wp\/v2\/media\/124496"}],"wp:attachment":[{"href":"https:\/\/ifoffice.pt\/index.php?rest_route=%2Fwp%2Fv2%2Fmedia&parent=95636"}],"wp:term":[{"taxonomy":"product_brand","embeddable":true,"href":"https:\/\/ifoffice.pt\/index.php?rest_route=%2Fwp%2Fv2%2Fproduct_brand&post=95636"},{"taxonomy":"product_cat","embeddable":true,"href":"https:\/\/ifoffice.pt\/index.php?rest_route=%2Fwp%2Fv2%2Fproduct_cat&post=95636"},{"taxonomy":"product_tag","embeddable":true,"href":"https:\/\/ifoffice.pt\/index.php?rest_route=%2Fwp%2Fv2%2Fproduct_tag&post=95636"}],"curies":[{"name":"wp","href":"https:\/\/api.w.org\/{rel}","templated":true}]}}