{"id":95591,"date":"2021-01-22T23:02:56","date_gmt":"2021-01-22T23:02:56","guid":{"rendered":"https:\/\/ifoffice.pt\/produto\/import-placeholder-for-32798\/"},"modified":"2025-03-12T15:32:30","modified_gmt":"2025-03-12T15:32:30","slug":"pasta-portfolio-em-pele-artesanal-castanha","status":"publish","type":"product","link":"https:\/\/ifoffice.pt\/?product=pasta-portfolio-em-pele-artesanal-castanha","title":{"rendered":"Pasta portfolio em pele artesanal castanha"},"content":{"rendered":"<p>Fabrico artesanal em pele, com lapela, fecho com \u00edman, parte interior com bloco de notas, suporte para esferogr\u00e1fica, porta cart\u00f5es de visita, bolsa com fecho de mola, compartimento com fecho \u00e9clair e bolsa tipo aba. Formato Din A5. Cor castanha. Medidas: 190 x 275 x 30\u00a0mm. A\u00a0pasta.<\/p>\n","protected":false},"excerpt":{"rendered":"<p>Pasta portfolio em pele artesanal castanha<\/p>\n","protected":false},"featured_media":124478,"comment_status":"closed","ping_status":"closed","template":"","meta":{"neve_meta_sidebar":"","neve_meta_container":"","neve_meta_enable_content_width":"off","neve_meta_content_width":0,"neve_meta_title_alignment":"","neve_meta_author_avatar":"","neve_post_elements_order":"","neve_meta_disable_header":"","neve_meta_disable_footer":"","neve_meta_disable_title":""},"product_brand":[],"product_cat":[2225],"product_tag":[1146],"class_list":{"0":"post-95591","1":"product","2":"type-product","3":"status-publish","4":"has-post-thumbnail","6":"product_cat-pastas-porta-folio-em-pele","7":"product_tag-pastas","9":"first","10":"instock","11":"sale","12":"taxable","13":"shipping-taxable","14":"purchasable","15":"product-type-simple"},"_links":{"self":[{"href":"https:\/\/ifoffice.pt\/index.php?rest_route=\/wp\/v2\/product\/95591","targetHints":{"allow":["GET"]}}],"collection":[{"href":"https:\/\/ifoffice.pt\/index.php?rest_route=\/wp\/v2\/product"}],"about":[{"href":"https:\/\/ifoffice.pt\/index.php?rest_route=\/wp\/v2\/types\/product"}],"replies":[{"embeddable":true,"href":"https:\/\/ifoffice.pt\/index.php?rest_route=%2Fwp%2Fv2%2Fcomments&post=95591"}],"wp:featuredmedia":[{"embeddable":true,"href":"https:\/\/ifoffice.pt\/index.php?rest_route=\/wp\/v2\/media\/124478"}],"wp:attachment":[{"href":"https:\/\/ifoffice.pt\/index.php?rest_route=%2Fwp%2Fv2%2Fmedia&parent=95591"}],"wp:term":[{"taxonomy":"product_brand","embeddable":true,"href":"https:\/\/ifoffice.pt\/index.php?rest_route=%2Fwp%2Fv2%2Fproduct_brand&post=95591"},{"taxonomy":"product_cat","embeddable":true,"href":"https:\/\/ifoffice.pt\/index.php?rest_route=%2Fwp%2Fv2%2Fproduct_cat&post=95591"},{"taxonomy":"product_tag","embeddable":true,"href":"https:\/\/ifoffice.pt\/index.php?rest_route=%2Fwp%2Fv2%2Fproduct_tag&post=95591"}],"curies":[{"name":"wp","href":"https:\/\/api.w.org\/{rel}","templated":true}]}}