{"id":95587,"date":"2021-01-22T23:02:55","date_gmt":"2021-01-22T23:02:55","guid":{"rendered":"https:\/\/ifoffice.pt\/produto\/import-placeholder-for-32830\/"},"modified":"2026-02-23T13:29:49","modified_gmt":"2026-02-23T13:29:49","slug":"pasta-liderpapel-portadocumentos-abas-polipropileno-din-a3-transparente-lombada-flexivel","status":"publish","type":"product","link":"https:\/\/ifoffice.pt\/?product=pasta-liderpapel-portadocumentos-abas-polipropileno-din-a3-transparente-lombada-flexivel","title":{"rendered":"Pasta liderpapel portadocumentos abas polipropileno din a3 transparente lombada flexivel"},"content":{"rendered":"<p>Fabricada em polipropileno. Fecho de el\u00e1sticos. Lombadas flex\u00edveis. Cores Frosty transparentes. Capacidade at\u00e9 100 folhas. Din A3.<\/p>\n","protected":false},"excerpt":{"rendered":"<p>Pasta liderpapel portadocumentos abas polipropileno din a3 transparente lombada flexivel<\/p>\n","protected":false},"featured_media":124475,"comment_status":"closed","ping_status":"closed","template":"","meta":{"neve_meta_sidebar":"","neve_meta_container":"","neve_meta_enable_content_width":"","neve_meta_content_width":0,"neve_meta_title_alignment":"","neve_meta_author_avatar":"","neve_post_elements_order":"","neve_meta_disable_header":"","neve_meta_disable_footer":"","neve_meta_disable_title":""},"product_brand":[],"product_cat":[1891],"product_tag":[1365],"class_list":{"0":"post-95587","1":"product","2":"type-product","3":"status-publish","4":"has-post-thumbnail","6":"product_cat-pasta-elasticos-polipropileno","7":"product_tag-abas","9":"first","10":"instock","11":"taxable","12":"shipping-taxable","13":"purchasable","14":"product-type-simple"},"_links":{"self":[{"href":"https:\/\/ifoffice.pt\/index.php?rest_route=\/wp\/v2\/product\/95587","targetHints":{"allow":["GET"]}}],"collection":[{"href":"https:\/\/ifoffice.pt\/index.php?rest_route=\/wp\/v2\/product"}],"about":[{"href":"https:\/\/ifoffice.pt\/index.php?rest_route=\/wp\/v2\/types\/product"}],"replies":[{"embeddable":true,"href":"https:\/\/ifoffice.pt\/index.php?rest_route=%2Fwp%2Fv2%2Fcomments&post=95587"}],"wp:featuredmedia":[{"embeddable":true,"href":"https:\/\/ifoffice.pt\/index.php?rest_route=\/wp\/v2\/media\/124475"}],"wp:attachment":[{"href":"https:\/\/ifoffice.pt\/index.php?rest_route=%2Fwp%2Fv2%2Fmedia&parent=95587"}],"wp:term":[{"taxonomy":"product_brand","embeddable":true,"href":"https:\/\/ifoffice.pt\/index.php?rest_route=%2Fwp%2Fv2%2Fproduct_brand&post=95587"},{"taxonomy":"product_cat","embeddable":true,"href":"https:\/\/ifoffice.pt\/index.php?rest_route=%2Fwp%2Fv2%2Fproduct_cat&post=95587"},{"taxonomy":"product_tag","embeddable":true,"href":"https:\/\/ifoffice.pt\/index.php?rest_route=%2Fwp%2Fv2%2Fproduct_tag&post=95587"}],"curies":[{"name":"wp","href":"https:\/\/api.w.org\/{rel}","templated":true}]}}