{"id":95532,"date":"2021-01-22T23:02:30","date_gmt":"2021-01-22T23:02:30","guid":{"rendered":"https:\/\/ifoffice.pt\/produto\/import-placeholder-for-33286\/"},"modified":"2025-05-13T09:59:51","modified_gmt":"2025-05-13T09:59:51","slug":"pasta-de-elasticos-liderpapel-din-a3-amarela","status":"publish","type":"product","link":"https:\/\/ifoffice.pt\/?product=pasta-de-elasticos-liderpapel-din-a3-amarela","title":{"rendered":"Pasta de elasticos liderpapel din a3 amarela"},"content":{"rendered":"<p>Pastas de el\u00e1sticos em cart\u00e3o com 3 abas. Fecho de el\u00e1sticos. Formato Din A3.<\/p>\n","protected":false},"excerpt":{"rendered":"<p>Pasta de elasticos liderpapel din a3 amarela<\/p>\n","protected":false},"featured_media":124448,"comment_status":"closed","ping_status":"closed","template":"","meta":{"neve_meta_sidebar":"","neve_meta_container":"","neve_meta_enable_content_width":"","neve_meta_content_width":0,"neve_meta_title_alignment":"","neve_meta_author_avatar":"","neve_post_elements_order":"","neve_meta_disable_header":"","neve_meta_disable_footer":"","neve_meta_disable_title":""},"product_brand":[],"product_cat":[1880],"product_tag":[1365],"class_list":{"0":"post-95532","1":"product","2":"type-product","3":"status-publish","4":"has-post-thumbnail","6":"product_cat-capas-de-elasticos","7":"product_tag-abas","9":"first","10":"instock","11":"taxable","12":"shipping-taxable","13":"purchasable","14":"product-type-variable"},"_links":{"self":[{"href":"https:\/\/ifoffice.pt\/index.php?rest_route=\/wp\/v2\/product\/95532","targetHints":{"allow":["GET"]}}],"collection":[{"href":"https:\/\/ifoffice.pt\/index.php?rest_route=\/wp\/v2\/product"}],"about":[{"href":"https:\/\/ifoffice.pt\/index.php?rest_route=\/wp\/v2\/types\/product"}],"replies":[{"embeddable":true,"href":"https:\/\/ifoffice.pt\/index.php?rest_route=%2Fwp%2Fv2%2Fcomments&post=95532"}],"wp:featuredmedia":[{"embeddable":true,"href":"https:\/\/ifoffice.pt\/index.php?rest_route=\/wp\/v2\/media\/124448"}],"wp:attachment":[{"href":"https:\/\/ifoffice.pt\/index.php?rest_route=%2Fwp%2Fv2%2Fmedia&parent=95532"}],"wp:term":[{"taxonomy":"product_brand","embeddable":true,"href":"https:\/\/ifoffice.pt\/index.php?rest_route=%2Fwp%2Fv2%2Fproduct_brand&post=95532"},{"taxonomy":"product_cat","embeddable":true,"href":"https:\/\/ifoffice.pt\/index.php?rest_route=%2Fwp%2Fv2%2Fproduct_cat&post=95532"},{"taxonomy":"product_tag","embeddable":true,"href":"https:\/\/ifoffice.pt\/index.php?rest_route=%2Fwp%2Fv2%2Fproduct_tag&post=95532"}],"curies":[{"name":"wp","href":"https:\/\/api.w.org\/{rel}","templated":true}]}}