{"id":95492,"date":"2021-01-22T23:02:06","date_gmt":"2021-01-22T23:02:06","guid":{"rendered":"https:\/\/ifoffice.pt\/produto\/import-placeholder-for-33670\/"},"modified":"2026-02-23T13:29:41","modified_gmt":"2026-02-23T13:29:41","slug":"quadro-branco-q-connect-melamina-magnetico-caixilho-aluminio-200x100-cm","status":"publish","type":"product","link":"https:\/\/ifoffice.pt\/?product=quadro-branco-q-connect-melamina-magnetico-caixilho-aluminio-200x100-cm","title":{"rendered":"Quadro branco q-connect lacado magnetico caixilho aluminio 200&#215;100 cm"},"content":{"rendered":"<p>Quadro branco lacado magn\u00e9tico, com moldura em alum\u00ednio. Ideal para escolas, institutos, salas de reuni\u00f5es, escrit\u00f3rios, etc. Inclui kit de fixa\u00e7\u00e3o \u00e0 parede e bandeja de suporte para marcadores. Utilizar unicamente marcadores especiais para quadros brancos. O quadro.<\/p>\n","protected":false},"excerpt":{"rendered":"<p>Quadro branco q-connect lacado magnetico caixilho aluminio 200&#215;100 cm<\/p>\n","protected":false},"featured_media":124430,"comment_status":"closed","ping_status":"closed","template":"","meta":{"neve_meta_sidebar":"","neve_meta_container":"","neve_meta_enable_content_width":"","neve_meta_content_width":0,"neve_meta_title_alignment":"","neve_meta_author_avatar":"","neve_post_elements_order":"","neve_meta_disable_header":"","neve_meta_disable_footer":"","neve_meta_disable_title":""},"product_brand":[],"product_cat":[1863],"product_tag":[1219],"class_list":{"0":"post-95492","1":"product","2":"type-product","3":"status-publish","4":"has-post-thumbnail","6":"product_cat-quadros-brancos","7":"product_tag-branca","9":"first","10":"instock","11":"taxable","12":"shipping-taxable","13":"purchasable","14":"product-type-simple"},"_links":{"self":[{"href":"https:\/\/ifoffice.pt\/index.php?rest_route=\/wp\/v2\/product\/95492","targetHints":{"allow":["GET"]}}],"collection":[{"href":"https:\/\/ifoffice.pt\/index.php?rest_route=\/wp\/v2\/product"}],"about":[{"href":"https:\/\/ifoffice.pt\/index.php?rest_route=\/wp\/v2\/types\/product"}],"replies":[{"embeddable":true,"href":"https:\/\/ifoffice.pt\/index.php?rest_route=%2Fwp%2Fv2%2Fcomments&post=95492"}],"wp:featuredmedia":[{"embeddable":true,"href":"https:\/\/ifoffice.pt\/index.php?rest_route=\/wp\/v2\/media\/124430"}],"wp:attachment":[{"href":"https:\/\/ifoffice.pt\/index.php?rest_route=%2Fwp%2Fv2%2Fmedia&parent=95492"}],"wp:term":[{"taxonomy":"product_brand","embeddable":true,"href":"https:\/\/ifoffice.pt\/index.php?rest_route=%2Fwp%2Fv2%2Fproduct_brand&post=95492"},{"taxonomy":"product_cat","embeddable":true,"href":"https:\/\/ifoffice.pt\/index.php?rest_route=%2Fwp%2Fv2%2Fproduct_cat&post=95492"},{"taxonomy":"product_tag","embeddable":true,"href":"https:\/\/ifoffice.pt\/index.php?rest_route=%2Fwp%2Fv2%2Fproduct_tag&post=95492"}],"curies":[{"name":"wp","href":"https:\/\/api.w.org\/{rel}","templated":true}]}}