{"id":95491,"date":"2021-01-22T23:02:06","date_gmt":"2021-01-22T23:02:06","guid":{"rendered":"https:\/\/ifoffice.pt\/produto\/import-placeholder-for-33671\/"},"modified":"2026-02-23T13:29:40","modified_gmt":"2026-02-23T13:29:40","slug":"quadro-branco-q-connect-c-caixilho-alum-inio-150x100-cm","status":"publish","type":"product","link":"https:\/\/ifoffice.pt\/?product=quadro-branco-q-connect-c-caixilho-alum-inio-150x100-cm","title":{"rendered":"Quadro branco q-connect laminado c\/caixilho aluminio 150 x 100 cm"},"content":{"rendered":"<p>Quadro para marcadores de apagar a seco. Superf\u00edcie laminada branca. Moldura em alum\u00ednio prata mate e cantos redondos de pl\u00e1stico cinza claro. O seu acabamento permite apagar com maior facilidade sem que fiquem marcas. Inclui kit de fixa\u00e7\u00e3o \u00e0 parede. Utilizar s\u00f3 marcadores para quadros brancos. O seu tamanho e caracter\u00edsticas s\u00e3o ideais para centros de forma\u00e7\u00e3o: escolas, institutos, universidades, etc. O quadro.<\/p>\n","protected":false},"excerpt":{"rendered":"<p>Quadro branco q-connect laminado c\/caixilho aluminio 150 x 100 cm<\/p>\n","protected":false},"featured_media":124429,"comment_status":"closed","ping_status":"closed","template":"","meta":{"neve_meta_sidebar":"","neve_meta_container":"","neve_meta_enable_content_width":"","neve_meta_content_width":0,"neve_meta_title_alignment":"","neve_meta_author_avatar":"","neve_post_elements_order":"","neve_meta_disable_header":"","neve_meta_disable_footer":"","neve_meta_disable_title":""},"product_brand":[],"product_cat":[1863],"product_tag":[1219],"class_list":{"0":"post-95491","1":"product","2":"type-product","3":"status-publish","4":"has-post-thumbnail","6":"product_cat-quadros-brancos","7":"product_tag-branca","9":"first","10":"instock","11":"taxable","12":"shipping-taxable","13":"purchasable","14":"product-type-simple"},"_links":{"self":[{"href":"https:\/\/ifoffice.pt\/index.php?rest_route=\/wp\/v2\/product\/95491","targetHints":{"allow":["GET"]}}],"collection":[{"href":"https:\/\/ifoffice.pt\/index.php?rest_route=\/wp\/v2\/product"}],"about":[{"href":"https:\/\/ifoffice.pt\/index.php?rest_route=\/wp\/v2\/types\/product"}],"replies":[{"embeddable":true,"href":"https:\/\/ifoffice.pt\/index.php?rest_route=%2Fwp%2Fv2%2Fcomments&post=95491"}],"wp:featuredmedia":[{"embeddable":true,"href":"https:\/\/ifoffice.pt\/index.php?rest_route=\/wp\/v2\/media\/124429"}],"wp:attachment":[{"href":"https:\/\/ifoffice.pt\/index.php?rest_route=%2Fwp%2Fv2%2Fmedia&parent=95491"}],"wp:term":[{"taxonomy":"product_brand","embeddable":true,"href":"https:\/\/ifoffice.pt\/index.php?rest_route=%2Fwp%2Fv2%2Fproduct_brand&post=95491"},{"taxonomy":"product_cat","embeddable":true,"href":"https:\/\/ifoffice.pt\/index.php?rest_route=%2Fwp%2Fv2%2Fproduct_cat&post=95491"},{"taxonomy":"product_tag","embeddable":true,"href":"https:\/\/ifoffice.pt\/index.php?rest_route=%2Fwp%2Fv2%2Fproduct_tag&post=95491"}],"curies":[{"name":"wp","href":"https:\/\/api.w.org\/{rel}","templated":true}]}}