{"id":95487,"date":"2021-01-22T23:02:05","date_gmt":"2021-01-22T23:02:05","guid":{"rendered":"https:\/\/ifoffice.pt\/produto\/import-placeholder-for-33681\/"},"modified":"2026-02-23T13:29:39","modified_gmt":"2026-02-23T13:29:39","slug":"vitrina-de-anuncios-moldura-de-aluminio-200x100-cm","status":"publish","type":"product","link":"https:\/\/ifoffice.pt\/?product=vitrina-de-anuncios-moldura-de-aluminio-200x100-cm","title":{"rendered":"Vitrina de anuncios moldura de aluminio 200&#215;100 cm"},"content":{"rendered":"<p>Com fundo de corti\u00e7a, constru\u00edda em alum\u00ednio anodizado. Portas de correr de seguran\u00e7a anti-quebra com 5 mm de espessura e fechadura com 2 chaves. Inclui kit de fixa\u00e7\u00e3o \u00e0 parede. Cantos redondos. Fundo: 6 cm. A vitrina.<\/p>\n","protected":false},"excerpt":{"rendered":"<p>Vitrina de anuncios moldura de aluminio 200&#215;100 cm<\/p>\n","protected":false},"featured_media":124425,"comment_status":"closed","ping_status":"closed","template":"","meta":{"neve_meta_sidebar":"","neve_meta_container":"","neve_meta_enable_content_width":"","neve_meta_content_width":0,"neve_meta_title_alignment":"","neve_meta_author_avatar":"","neve_post_elements_order":"","neve_meta_disable_header":"","neve_meta_disable_footer":"","neve_meta_disable_title":""},"product_brand":[],"product_cat":[1885],"product_tag":[1218],"class_list":{"0":"post-95487","1":"product","2":"type-product","3":"status-publish","4":"has-post-thumbnail","6":"product_cat-vitrinas","7":"product_tag-cortica","9":"first","10":"instock","11":"sale","12":"taxable","13":"shipping-taxable","14":"purchasable","15":"product-type-simple"},"_links":{"self":[{"href":"https:\/\/ifoffice.pt\/index.php?rest_route=\/wp\/v2\/product\/95487","targetHints":{"allow":["GET"]}}],"collection":[{"href":"https:\/\/ifoffice.pt\/index.php?rest_route=\/wp\/v2\/product"}],"about":[{"href":"https:\/\/ifoffice.pt\/index.php?rest_route=\/wp\/v2\/types\/product"}],"replies":[{"embeddable":true,"href":"https:\/\/ifoffice.pt\/index.php?rest_route=%2Fwp%2Fv2%2Fcomments&post=95487"}],"wp:featuredmedia":[{"embeddable":true,"href":"https:\/\/ifoffice.pt\/index.php?rest_route=\/wp\/v2\/media\/124425"}],"wp:attachment":[{"href":"https:\/\/ifoffice.pt\/index.php?rest_route=%2Fwp%2Fv2%2Fmedia&parent=95487"}],"wp:term":[{"taxonomy":"product_brand","embeddable":true,"href":"https:\/\/ifoffice.pt\/index.php?rest_route=%2Fwp%2Fv2%2Fproduct_brand&post=95487"},{"taxonomy":"product_cat","embeddable":true,"href":"https:\/\/ifoffice.pt\/index.php?rest_route=%2Fwp%2Fv2%2Fproduct_cat&post=95487"},{"taxonomy":"product_tag","embeddable":true,"href":"https:\/\/ifoffice.pt\/index.php?rest_route=%2Fwp%2Fv2%2Fproduct_tag&post=95487"}],"curies":[{"name":"wp","href":"https:\/\/api.w.org\/{rel}","templated":true}]}}