{"id":95445,"date":"2021-01-22T23:01:41","date_gmt":"2021-01-22T23:01:41","guid":{"rendered":"https:\/\/ifoffice.pt\/produto\/import-placeholder-for-33931\/"},"modified":"2025-03-12T11:58:07","modified_gmt":"2025-03-12T11:58:07","slug":"lapis-de-cores-staedtler-ergosoft-24-unidades","status":"publish","type":"product","link":"https:\/\/ifoffice.pt\/?product=lapis-de-cores-staedtler-ergosoft-24-unidades","title":{"rendered":"L\u00e1pis de cor staedtler ergosoft 24 unidades"},"content":{"rendered":"<p>L\u00e1pis de cor triangular. Apara-se facilmente com todos os apara-l\u00e1pis. Em estojo exclusivo de apoio. Altura l\u00e1pis: 175 mm. Di\u00e2metro l\u00e1pis: 7 mm. Di\u00e2metro mina: 3 mm.<\/p>\n","protected":false},"excerpt":{"rendered":"<p>Lapis de cores staedtler ergosoft 24 unidades<\/p>\n","protected":false},"featured_media":95475,"comment_status":"closed","ping_status":"closed","template":"","meta":{"neve_meta_sidebar":"","neve_meta_container":"","neve_meta_enable_content_width":"off","neve_meta_content_width":0,"neve_meta_title_alignment":"","neve_meta_author_avatar":"","neve_post_elements_order":"","neve_meta_disable_header":"","neve_meta_disable_footer":"","neve_meta_disable_title":""},"product_brand":[],"product_cat":[1856],"product_tag":[1129],"class_list":{"0":"post-95445","1":"product","2":"type-product","3":"status-publish","4":"has-post-thumbnail","6":"product_cat-lapis-de-cor","7":"product_tag-madeira","9":"first","10":"outofstock","11":"taxable","12":"shipping-taxable","13":"purchasable","14":"product-type-simple"},"_links":{"self":[{"href":"https:\/\/ifoffice.pt\/index.php?rest_route=\/wp\/v2\/product\/95445","targetHints":{"allow":["GET"]}}],"collection":[{"href":"https:\/\/ifoffice.pt\/index.php?rest_route=\/wp\/v2\/product"}],"about":[{"href":"https:\/\/ifoffice.pt\/index.php?rest_route=\/wp\/v2\/types\/product"}],"replies":[{"embeddable":true,"href":"https:\/\/ifoffice.pt\/index.php?rest_route=%2Fwp%2Fv2%2Fcomments&post=95445"}],"wp:featuredmedia":[{"embeddable":true,"href":"https:\/\/ifoffice.pt\/index.php?rest_route=\/wp\/v2\/media\/95475"}],"wp:attachment":[{"href":"https:\/\/ifoffice.pt\/index.php?rest_route=%2Fwp%2Fv2%2Fmedia&parent=95445"}],"wp:term":[{"taxonomy":"product_brand","embeddable":true,"href":"https:\/\/ifoffice.pt\/index.php?rest_route=%2Fwp%2Fv2%2Fproduct_brand&post=95445"},{"taxonomy":"product_cat","embeddable":true,"href":"https:\/\/ifoffice.pt\/index.php?rest_route=%2Fwp%2Fv2%2Fproduct_cat&post=95445"},{"taxonomy":"product_tag","embeddable":true,"href":"https:\/\/ifoffice.pt\/index.php?rest_route=%2Fwp%2Fv2%2Fproduct_tag&post=95445"}],"curies":[{"name":"wp","href":"https:\/\/api.w.org\/{rel}","templated":true}]}}