{"id":95439,"date":"2021-01-22T23:01:41","date_gmt":"2021-01-22T23:01:41","guid":{"rendered":"https:\/\/ifoffice.pt\/produto\/import-placeholder-for-33953\/"},"modified":"2026-02-23T13:29:35","modified_gmt":"2026-02-23T13:29:35","slug":"pasta-porta-documentos-q-connect-poli-pele-castanha","status":"publish","type":"product","link":"https:\/\/ifoffice.pt\/?product=pasta-porta-documentos-q-connect-poli-pele-castanha","title":{"rendered":"Pasta porta documentos q-connect poli pele castanha"},"content":{"rendered":"<p>Fabricada em imita\u00e7\u00e3o de pele. Fecho met\u00e1lico com chave. Asa e correia a tiracolo, tr\u00eas compartimentos interiores, um deles com fecho \u00e9clair. Suporte para esferogr\u00e1fica e departamento para cart\u00f5es de visita. Na cor castanha. Com detalhes em prata. Medidas: 406 x 79 x 318 mm. A\u00a0pasta.<\/p>\n","protected":false},"excerpt":{"rendered":"<p>Pasta porta documentos q-connect poli pele castanha<\/p>\n","protected":false},"featured_media":124403,"comment_status":"closed","ping_status":"closed","template":"","meta":{"neve_meta_sidebar":"","neve_meta_container":"","neve_meta_enable_content_width":"off","neve_meta_content_width":0,"neve_meta_title_alignment":"","neve_meta_author_avatar":"","neve_post_elements_order":"","neve_meta_disable_header":"","neve_meta_disable_footer":"","neve_meta_disable_title":""},"product_brand":[],"product_cat":[1827],"product_tag":[2452],"class_list":{"0":"post-95439","1":"product","2":"type-product","3":"status-publish","4":"has-post-thumbnail","6":"product_cat-pastas-porta-documentos","7":"product_tag-carteira","9":"first","10":"instock","11":"sale","12":"taxable","13":"shipping-taxable","14":"purchasable","15":"product-type-simple"},"_links":{"self":[{"href":"https:\/\/ifoffice.pt\/index.php?rest_route=\/wp\/v2\/product\/95439","targetHints":{"allow":["GET"]}}],"collection":[{"href":"https:\/\/ifoffice.pt\/index.php?rest_route=\/wp\/v2\/product"}],"about":[{"href":"https:\/\/ifoffice.pt\/index.php?rest_route=\/wp\/v2\/types\/product"}],"replies":[{"embeddable":true,"href":"https:\/\/ifoffice.pt\/index.php?rest_route=%2Fwp%2Fv2%2Fcomments&post=95439"}],"wp:featuredmedia":[{"embeddable":true,"href":"https:\/\/ifoffice.pt\/index.php?rest_route=\/wp\/v2\/media\/124403"}],"wp:attachment":[{"href":"https:\/\/ifoffice.pt\/index.php?rest_route=%2Fwp%2Fv2%2Fmedia&parent=95439"}],"wp:term":[{"taxonomy":"product_brand","embeddable":true,"href":"https:\/\/ifoffice.pt\/index.php?rest_route=%2Fwp%2Fv2%2Fproduct_brand&post=95439"},{"taxonomy":"product_cat","embeddable":true,"href":"https:\/\/ifoffice.pt\/index.php?rest_route=%2Fwp%2Fv2%2Fproduct_cat&post=95439"},{"taxonomy":"product_tag","embeddable":true,"href":"https:\/\/ifoffice.pt\/index.php?rest_route=%2Fwp%2Fv2%2Fproduct_tag&post=95439"}],"curies":[{"name":"wp","href":"https:\/\/api.w.org\/{rel}","templated":true}]}}