{"id":95371,"date":"2021-01-22T23:00:56","date_gmt":"2021-01-22T23:00:56","guid":{"rendered":"https:\/\/ifoffice.pt\/produto\/import-placeholder-for-34245\/"},"modified":"2026-02-23T13:29:31","modified_gmt":"2026-02-23T13:29:31","slug":"lapis-de-cores-liderpapel-12-unidades","status":"publish","type":"product","link":"https:\/\/ifoffice.pt\/?product=lapis-de-cores-liderpapel-12-unidades","title":{"rendered":"Lapis de cor liderpapel 12 unidades"},"content":{"rendered":"<p>Lapis de cor. Cores intensas. Ideais para uso escolar. Mina extra resistente. Escrita suave e uniforme. Caixa de cart\u00e3o plastificada. Altura l\u00e1pis: 174,5 mm. Di\u00e2metro l\u00e1pis: 5,6 mm. Di\u00e2metro mina: 2,9 mm.<\/p>\n","protected":false},"excerpt":{"rendered":"<p>Lapis de cor liderpapel 12 unidades<\/p>\n","protected":false},"featured_media":124377,"comment_status":"closed","ping_status":"closed","template":"","meta":{"neve_meta_sidebar":"","neve_meta_container":"","neve_meta_enable_content_width":"off","neve_meta_content_width":100,"neve_meta_title_alignment":"","neve_meta_author_avatar":"","neve_post_elements_order":"","neve_meta_disable_header":"","neve_meta_disable_footer":"","neve_meta_disable_title":""},"product_brand":[],"product_cat":[1856],"product_tag":[],"class_list":{"0":"post-95371","1":"product","2":"type-product","3":"status-publish","4":"has-post-thumbnail","6":"product_cat-lapis-de-cor","8":"first","9":"instock","10":"taxable","11":"shipping-taxable","12":"purchasable","13":"product-type-simple"},"_links":{"self":[{"href":"https:\/\/ifoffice.pt\/index.php?rest_route=\/wp\/v2\/product\/95371","targetHints":{"allow":["GET"]}}],"collection":[{"href":"https:\/\/ifoffice.pt\/index.php?rest_route=\/wp\/v2\/product"}],"about":[{"href":"https:\/\/ifoffice.pt\/index.php?rest_route=\/wp\/v2\/types\/product"}],"replies":[{"embeddable":true,"href":"https:\/\/ifoffice.pt\/index.php?rest_route=%2Fwp%2Fv2%2Fcomments&post=95371"}],"wp:featuredmedia":[{"embeddable":true,"href":"https:\/\/ifoffice.pt\/index.php?rest_route=\/wp\/v2\/media\/124377"}],"wp:attachment":[{"href":"https:\/\/ifoffice.pt\/index.php?rest_route=%2Fwp%2Fv2%2Fmedia&parent=95371"}],"wp:term":[{"taxonomy":"product_brand","embeddable":true,"href":"https:\/\/ifoffice.pt\/index.php?rest_route=%2Fwp%2Fv2%2Fproduct_brand&post=95371"},{"taxonomy":"product_cat","embeddable":true,"href":"https:\/\/ifoffice.pt\/index.php?rest_route=%2Fwp%2Fv2%2Fproduct_cat&post=95371"},{"taxonomy":"product_tag","embeddable":true,"href":"https:\/\/ifoffice.pt\/index.php?rest_route=%2Fwp%2Fv2%2Fproduct_tag&post=95371"}],"curies":[{"name":"wp","href":"https:\/\/api.w.org\/{rel}","templated":true}]}}