{"id":95368,"date":"2021-01-22T23:00:55","date_gmt":"2021-01-22T23:00:55","guid":{"rendered":"https:\/\/ifoffice.pt\/produto\/import-placeholder-for-34249\/"},"modified":"2026-02-23T13:29:29","modified_gmt":"2026-02-23T13:29:29","slug":"lapis-de-cores-jumbo-liderpapel-12-unidades","status":"publish","type":"product","link":"https:\/\/ifoffice.pt\/?product=lapis-de-cores-jumbo-liderpapel-12-unidades","title":{"rendered":"Lapis de cor jumbo liderpapel 12 unidades"},"content":{"rendered":"<p>Cores intensas. Especial para crian\u00e7as que come\u00e7am a pintar. F\u00e1cil  manuseamento, gra\u00e7as \u00e0 sua forma triangular. Mina extra resistente.  Caixa de 12 l\u00e1pis com apara-l\u00e1pis. Altura l\u00e1pis: 174,5 mm.  Di\u00e2metro l\u00e1pis: 9,6 mm. Di\u00e2metro mina: 5 mm.<\/p>\n","protected":false},"excerpt":{"rendered":"<p>Lapis de cor jumbo liderpapel 12 unidades<\/p>\n","protected":false},"featured_media":124374,"comment_status":"closed","ping_status":"closed","template":"","meta":{"neve_meta_sidebar":"","neve_meta_container":"","neve_meta_enable_content_width":"off","neve_meta_content_width":0,"neve_meta_title_alignment":"","neve_meta_author_avatar":"","neve_post_elements_order":"","neve_meta_disable_header":"","neve_meta_disable_footer":"","neve_meta_disable_title":""},"product_brand":[],"product_cat":[1856],"product_tag":[2880],"class_list":{"0":"post-95368","1":"product","2":"type-product","3":"status-publish","4":"has-post-thumbnail","6":"product_cat-lapis-de-cor","7":"product_tag-escolar2023","9":"first","10":"instock","11":"taxable","12":"shipping-taxable","13":"purchasable","14":"product-type-simple"},"_links":{"self":[{"href":"https:\/\/ifoffice.pt\/index.php?rest_route=\/wp\/v2\/product\/95368","targetHints":{"allow":["GET"]}}],"collection":[{"href":"https:\/\/ifoffice.pt\/index.php?rest_route=\/wp\/v2\/product"}],"about":[{"href":"https:\/\/ifoffice.pt\/index.php?rest_route=\/wp\/v2\/types\/product"}],"replies":[{"embeddable":true,"href":"https:\/\/ifoffice.pt\/index.php?rest_route=%2Fwp%2Fv2%2Fcomments&post=95368"}],"wp:featuredmedia":[{"embeddable":true,"href":"https:\/\/ifoffice.pt\/index.php?rest_route=\/wp\/v2\/media\/124374"}],"wp:attachment":[{"href":"https:\/\/ifoffice.pt\/index.php?rest_route=%2Fwp%2Fv2%2Fmedia&parent=95368"}],"wp:term":[{"taxonomy":"product_brand","embeddable":true,"href":"https:\/\/ifoffice.pt\/index.php?rest_route=%2Fwp%2Fv2%2Fproduct_brand&post=95368"},{"taxonomy":"product_cat","embeddable":true,"href":"https:\/\/ifoffice.pt\/index.php?rest_route=%2Fwp%2Fv2%2Fproduct_cat&post=95368"},{"taxonomy":"product_tag","embeddable":true,"href":"https:\/\/ifoffice.pt\/index.php?rest_route=%2Fwp%2Fv2%2Fproduct_tag&post=95368"}],"curies":[{"name":"wp","href":"https:\/\/api.w.org\/{rel}","templated":true}]}}