{"id":95255,"date":"2021-01-22T23:00:01","date_gmt":"2021-01-22T23:00:01","guid":{"rendered":"https:\/\/ifoffice.pt\/produto\/import-placeholder-for-35064\/"},"modified":"2025-03-12T11:57:39","modified_gmt":"2025-03-12T11:57:39","slug":"porta-cartoes-de-visita-duraclip-4-aneis-visifix","status":"publish","type":"product","link":"https:\/\/ifoffice.pt\/?product=porta-cartoes-de-visita-duraclip-4-aneis-visifix","title":{"rendered":"Porta cartoes de visita duraclip 4 aneis visifix"},"content":{"rendered":"<p>Porta cart\u00f5es de visita profissional com 20 bolsas transparentes em polipropileno com capacidade para 400 cart\u00f5es de visita. Medidas: 57x 90 mm. Ferragem de 4 an\u00e9is. Inclui 12 separadores de polipropileno com impress\u00e3o alfab\u00e9tica A-Z . 20 cart\u00f5es por folha. Formato Din A4. Cor castanha. Medidas: 255 x 315\u00a0mm. O porta cart\u00f5es.<\/p>\n","protected":false},"excerpt":{"rendered":"<p>Porta cartoes de visita duraclip 4 aneis visifix<\/p>\n","protected":false},"featured_media":124319,"comment_status":"closed","ping_status":"closed","template":"","meta":{"neve_meta_sidebar":"","neve_meta_container":"","neve_meta_enable_content_width":"","neve_meta_content_width":0,"neve_meta_title_alignment":"","neve_meta_author_avatar":"","neve_post_elements_order":"","neve_meta_disable_header":"","neve_meta_disable_footer":"","neve_meta_disable_title":""},"product_brand":[],"product_cat":[1904],"product_tag":[1401],"class_list":{"0":"post-95255","1":"product","2":"type-product","3":"status-publish","4":"has-post-thumbnail","6":"product_cat-porta-cartoes-visita","7":"product_tag-porta-cartoes","9":"first","10":"outofstock","11":"taxable","12":"shipping-taxable","13":"purchasable","14":"product-type-simple"},"_links":{"self":[{"href":"https:\/\/ifoffice.pt\/index.php?rest_route=\/wp\/v2\/product\/95255","targetHints":{"allow":["GET"]}}],"collection":[{"href":"https:\/\/ifoffice.pt\/index.php?rest_route=\/wp\/v2\/product"}],"about":[{"href":"https:\/\/ifoffice.pt\/index.php?rest_route=\/wp\/v2\/types\/product"}],"replies":[{"embeddable":true,"href":"https:\/\/ifoffice.pt\/index.php?rest_route=%2Fwp%2Fv2%2Fcomments&post=95255"}],"wp:featuredmedia":[{"embeddable":true,"href":"https:\/\/ifoffice.pt\/index.php?rest_route=\/wp\/v2\/media\/124319"}],"wp:attachment":[{"href":"https:\/\/ifoffice.pt\/index.php?rest_route=%2Fwp%2Fv2%2Fmedia&parent=95255"}],"wp:term":[{"taxonomy":"product_brand","embeddable":true,"href":"https:\/\/ifoffice.pt\/index.php?rest_route=%2Fwp%2Fv2%2Fproduct_brand&post=95255"},{"taxonomy":"product_cat","embeddable":true,"href":"https:\/\/ifoffice.pt\/index.php?rest_route=%2Fwp%2Fv2%2Fproduct_cat&post=95255"},{"taxonomy":"product_tag","embeddable":true,"href":"https:\/\/ifoffice.pt\/index.php?rest_route=%2Fwp%2Fv2%2Fproduct_tag&post=95255"}],"curies":[{"name":"wp","href":"https:\/\/api.w.org\/{rel}","templated":true}]}}