{"id":95223,"date":"2021-01-22T22:59:38","date_gmt":"2021-01-22T22:59:38","guid":{"rendered":"https:\/\/ifoffice.pt\/produto\/import-placeholder-for-35086\/"},"modified":"2026-02-23T13:29:20","modified_gmt":"2026-02-23T13:29:20","slug":"cartolina-marmoreada-200-gr-pack-100-din-a3-creme-claro","status":"publish","type":"product","link":"https:\/\/ifoffice.pt\/?product=cartolina-marmoreada-200-gr-pack-100-din-a3-creme-claro","title":{"rendered":"Cartolina marmoreada 200 gr pack 100, din a3 creme claro"},"content":{"rendered":"<p>Cartolina pergaminho, em cor creme, com um toque antigo e tradicional,  dispon\u00edvel em dois tamanhos, pensados para a realiza\u00e7\u00e3o de menus, diplomas  e para qualquer tipo de decora\u00e7\u00e3o. Embalagem de 100 folhas.<\/p>\n","protected":false},"excerpt":{"rendered":"<p>Cartolina marmoreada 200 gr pack 100, din a3 creme claro<\/p>\n","protected":false},"featured_media":124312,"comment_status":"closed","ping_status":"closed","template":"","meta":{"neve_meta_sidebar":"","neve_meta_container":"","neve_meta_enable_content_width":"off","neve_meta_content_width":0,"neve_meta_title_alignment":"","neve_meta_author_avatar":"","neve_post_elements_order":"","neve_meta_disable_header":"","neve_meta_disable_footer":"","neve_meta_disable_title":""},"product_brand":[],"product_cat":[1903],"product_tag":[1539],"class_list":{"0":"post-95223","1":"product","2":"type-product","3":"status-publish","4":"has-post-thumbnail","6":"product_cat-cartolinas","7":"product_tag-cartolina","9":"first","10":"instock","11":"taxable","12":"shipping-taxable","13":"purchasable","14":"product-type-simple"},"_links":{"self":[{"href":"https:\/\/ifoffice.pt\/index.php?rest_route=\/wp\/v2\/product\/95223","targetHints":{"allow":["GET"]}}],"collection":[{"href":"https:\/\/ifoffice.pt\/index.php?rest_route=\/wp\/v2\/product"}],"about":[{"href":"https:\/\/ifoffice.pt\/index.php?rest_route=\/wp\/v2\/types\/product"}],"replies":[{"embeddable":true,"href":"https:\/\/ifoffice.pt\/index.php?rest_route=%2Fwp%2Fv2%2Fcomments&post=95223"}],"wp:featuredmedia":[{"embeddable":true,"href":"https:\/\/ifoffice.pt\/index.php?rest_route=\/wp\/v2\/media\/124312"}],"wp:attachment":[{"href":"https:\/\/ifoffice.pt\/index.php?rest_route=%2Fwp%2Fv2%2Fmedia&parent=95223"}],"wp:term":[{"taxonomy":"product_brand","embeddable":true,"href":"https:\/\/ifoffice.pt\/index.php?rest_route=%2Fwp%2Fv2%2Fproduct_brand&post=95223"},{"taxonomy":"product_cat","embeddable":true,"href":"https:\/\/ifoffice.pt\/index.php?rest_route=%2Fwp%2Fv2%2Fproduct_cat&post=95223"},{"taxonomy":"product_tag","embeddable":true,"href":"https:\/\/ifoffice.pt\/index.php?rest_route=%2Fwp%2Fv2%2Fproduct_tag&post=95223"}],"curies":[{"name":"wp","href":"https:\/\/api.w.org\/{rel}","templated":true}]}}