{"id":95154,"date":"2021-01-22T22:59:11","date_gmt":"2021-01-22T22:59:11","guid":{"rendered":"https:\/\/ifoffice.pt\/produto\/import-placeholder-for-35530\/"},"modified":"2026-02-23T13:29:11","modified_gmt":"2026-02-23T13:29:11","slug":"esferografica-extensivel-com-suporte","status":"publish","type":"product","link":"https:\/\/ifoffice.pt\/?product=esferografica-extensivel-com-suporte","title":{"rendered":"Esferografica extensivel com suporte"},"content":{"rendered":"<p>Perfeito para balc\u00f5es e reparti\u00e7\u00f5es p\u00fablicas. Suporte adesivo que garante uma perfeita ader\u00eancia da sua base. Tra\u00e7o m\u00e9dio. Cor preto.<\/p>\n","protected":false},"excerpt":{"rendered":"<p>Esferografica extensivel com suporte<\/p>\n","protected":false},"featured_media":124271,"comment_status":"closed","ping_status":"closed","template":"","meta":{"neve_meta_sidebar":"","neve_meta_container":"","neve_meta_enable_content_width":"off","neve_meta_content_width":0,"neve_meta_title_alignment":"","neve_meta_author_avatar":"","neve_post_elements_order":"","neve_meta_disable_header":"","neve_meta_disable_footer":"","neve_meta_disable_title":""},"product_brand":[],"product_cat":[1761],"product_tag":[909],"class_list":{"0":"post-95154","1":"product","2":"type-product","3":"status-publish","4":"has-post-thumbnail","6":"product_cat-esferograficas","7":"product_tag-suporte","9":"first","10":"instock","11":"sale","12":"taxable","13":"shipping-taxable","14":"purchasable","15":"product-type-simple"},"_links":{"self":[{"href":"https:\/\/ifoffice.pt\/index.php?rest_route=\/wp\/v2\/product\/95154","targetHints":{"allow":["GET"]}}],"collection":[{"href":"https:\/\/ifoffice.pt\/index.php?rest_route=\/wp\/v2\/product"}],"about":[{"href":"https:\/\/ifoffice.pt\/index.php?rest_route=\/wp\/v2\/types\/product"}],"replies":[{"embeddable":true,"href":"https:\/\/ifoffice.pt\/index.php?rest_route=%2Fwp%2Fv2%2Fcomments&post=95154"}],"wp:featuredmedia":[{"embeddable":true,"href":"https:\/\/ifoffice.pt\/index.php?rest_route=\/wp\/v2\/media\/124271"}],"wp:attachment":[{"href":"https:\/\/ifoffice.pt\/index.php?rest_route=%2Fwp%2Fv2%2Fmedia&parent=95154"}],"wp:term":[{"taxonomy":"product_brand","embeddable":true,"href":"https:\/\/ifoffice.pt\/index.php?rest_route=%2Fwp%2Fv2%2Fproduct_brand&post=95154"},{"taxonomy":"product_cat","embeddable":true,"href":"https:\/\/ifoffice.pt\/index.php?rest_route=%2Fwp%2Fv2%2Fproduct_cat&post=95154"},{"taxonomy":"product_tag","embeddable":true,"href":"https:\/\/ifoffice.pt\/index.php?rest_route=%2Fwp%2Fv2%2Fproduct_tag&post=95154"}],"curies":[{"name":"wp","href":"https:\/\/api.w.org\/{rel}","templated":true}]}}