{"id":95117,"date":"2021-01-22T22:58:49","date_gmt":"2021-01-22T22:58:49","guid":{"rendered":"https:\/\/ifoffice.pt\/produto\/import-placeholder-for-35640\/"},"modified":"2025-05-08T11:37:26","modified_gmt":"2025-05-08T11:37:26","slug":"tamborete-q-connect-com-rodas-retrateis-azul","status":"publish","type":"product","link":"https:\/\/ifoffice.pt\/?product=tamborete-q-connect-com-rodas-retrateis-azul","title":{"rendered":"Tamborete q-connect com rodas retrateis azul"},"content":{"rendered":"<p>Tamborete altamente resistente e firme. Fabricado em ABS. Com rodas de borracha retr\u00e1teis, que faz com que seja muito f\u00e1cil de transportar e firme ao mesmo tempo, ao permanecer fixo no ch\u00e3o. Com dois n\u00edveis.  Medidas: \u00d8 43,5 x 43 x \u00d8 28 cm.<\/p>\n","protected":false},"excerpt":{"rendered":"<p>Tamborete q-connect com rodas retrateis azul<\/p>\n","protected":false},"featured_media":124261,"comment_status":"closed","ping_status":"closed","template":"","meta":{"neve_meta_sidebar":"","neve_meta_container":"","neve_meta_enable_content_width":"","neve_meta_content_width":0,"neve_meta_title_alignment":"","neve_meta_author_avatar":"","neve_post_elements_order":"","neve_meta_disable_header":"","neve_meta_disable_footer":"","neve_meta_disable_title":""},"product_brand":[],"product_cat":[1843],"product_tag":[1234],"class_list":{"0":"post-95117","1":"product","2":"type-product","3":"status-publish","4":"has-post-thumbnail","6":"product_cat-escadas-bancos","7":"product_tag-taburete","9":"first","10":"instock","11":"taxable","12":"shipping-taxable","13":"purchasable","14":"product-type-variable"},"_links":{"self":[{"href":"https:\/\/ifoffice.pt\/index.php?rest_route=\/wp\/v2\/product\/95117","targetHints":{"allow":["GET"]}}],"collection":[{"href":"https:\/\/ifoffice.pt\/index.php?rest_route=\/wp\/v2\/product"}],"about":[{"href":"https:\/\/ifoffice.pt\/index.php?rest_route=\/wp\/v2\/types\/product"}],"replies":[{"embeddable":true,"href":"https:\/\/ifoffice.pt\/index.php?rest_route=%2Fwp%2Fv2%2Fcomments&post=95117"}],"wp:featuredmedia":[{"embeddable":true,"href":"https:\/\/ifoffice.pt\/index.php?rest_route=\/wp\/v2\/media\/124261"}],"wp:attachment":[{"href":"https:\/\/ifoffice.pt\/index.php?rest_route=%2Fwp%2Fv2%2Fmedia&parent=95117"}],"wp:term":[{"taxonomy":"product_brand","embeddable":true,"href":"https:\/\/ifoffice.pt\/index.php?rest_route=%2Fwp%2Fv2%2Fproduct_brand&post=95117"},{"taxonomy":"product_cat","embeddable":true,"href":"https:\/\/ifoffice.pt\/index.php?rest_route=%2Fwp%2Fv2%2Fproduct_cat&post=95117"},{"taxonomy":"product_tag","embeddable":true,"href":"https:\/\/ifoffice.pt\/index.php?rest_route=%2Fwp%2Fv2%2Fproduct_tag&post=95117"}],"curies":[{"name":"wp","href":"https:\/\/api.w.org\/{rel}","templated":true}]}}