{"id":95015,"date":"2021-01-22T22:58:00","date_gmt":"2021-01-22T22:58:00","guid":{"rendered":"https:\/\/ifoffice.pt\/produto\/import-placeholder-for-36074\/"},"modified":"2026-02-23T13:29:00","modified_gmt":"2026-02-23T13:29:00","slug":"papel-seda-liderpapel-52-x-76-cm-18-gr-castanho","status":"publish","type":"product","link":"https:\/\/ifoffice.pt\/produto\/papel-seda-liderpapel-52-x-76-cm-18-gr-castanho\/","title":{"rendered":"Papel seda liderpapel 52 x 76 cm 18 gr castanho"},"content":{"rendered":"<p>Gramagem de 18 g\/m\u00b2. Aplica\u00e7\u00f5es: trabalhos manuais, decora\u00e7\u00e3o, etc. Cores muito vivas e  intensas. C\u00f3moda apresenta\u00e7\u00e3o em bolsa de celofane. Medidas da folha: 52 x 76 cm.  Bolsa de 5 unidades.<\/p>\n","protected":false},"excerpt":{"rendered":"<p>Papel seda liderpapel 52 x 76 cm 18 gr castanho<\/p>\n","protected":false},"featured_media":130620,"comment_status":"closed","ping_status":"closed","template":"","meta":{"neve_meta_sidebar":"","neve_meta_container":"","neve_meta_enable_content_width":"off","neve_meta_content_width":0,"neve_meta_title_alignment":"","neve_meta_author_avatar":"","neve_post_elements_order":"","neve_meta_disable_header":"","neve_meta_disable_footer":"","neve_meta_disable_title":""},"product_brand":[],"product_cat":[2214],"product_tag":[2215],"class_list":{"0":"post-95015","1":"product","2":"type-product","3":"status-publish","4":"has-post-thumbnail","6":"product_cat-papel-seda","7":"product_tag-papel-seda","9":"first","10":"instock","11":"taxable","12":"shipping-taxable","13":"purchasable","14":"product-type-simple"},"_links":{"self":[{"href":"https:\/\/ifoffice.pt\/wp-json\/wp\/v2\/product\/95015","targetHints":{"allow":["GET"]}}],"collection":[{"href":"https:\/\/ifoffice.pt\/wp-json\/wp\/v2\/product"}],"about":[{"href":"https:\/\/ifoffice.pt\/wp-json\/wp\/v2\/types\/product"}],"replies":[{"embeddable":true,"href":"https:\/\/ifoffice.pt\/wp-json\/wp\/v2\/comments?post=95015"}],"wp:featuredmedia":[{"embeddable":true,"href":"https:\/\/ifoffice.pt\/wp-json\/wp\/v2\/media\/130620"}],"wp:attachment":[{"href":"https:\/\/ifoffice.pt\/wp-json\/wp\/v2\/media?parent=95015"}],"wp:term":[{"taxonomy":"product_brand","embeddable":true,"href":"https:\/\/ifoffice.pt\/wp-json\/wp\/v2\/product_brand?post=95015"},{"taxonomy":"product_cat","embeddable":true,"href":"https:\/\/ifoffice.pt\/wp-json\/wp\/v2\/product_cat?post=95015"},{"taxonomy":"product_tag","embeddable":true,"href":"https:\/\/ifoffice.pt\/wp-json\/wp\/v2\/product_tag?post=95015"}],"curies":[{"name":"wp","href":"https:\/\/api.w.org\/{rel}","templated":true}]}}