{"id":94964,"date":"2021-01-22T22:57:35","date_gmt":"2021-01-22T22:57:35","guid":{"rendered":"https:\/\/ifoffice.pt\/produto\/import-placeholder-for-36119\/"},"modified":"2026-02-23T13:28:58","modified_gmt":"2026-02-23T13:28:58","slug":"porta-cartoes-de-visita-4-aneis-liderpapel-capacidade-120-cartoes","status":"publish","type":"product","link":"https:\/\/ifoffice.pt\/?product=porta-cartoes-de-visita-4-aneis-liderpapel-capacidade-120-cartoes","title":{"rendered":"Porta cartoes de visita 4 aneis liderpapel capacidade 120 cartoes"},"content":{"rendered":"<p>Porta cart\u00f5es de visita em polipropileno com ferragem met\u00e1lica de 4 an\u00e9is. Cont\u00e9m 15 bolsas com 4 departamentos cada uma. Capacidade para 120 cart\u00f5es. 8 departamentos por folha. Cor preta. Medidas: 265 x 145\u00a0mm. O porta cart\u00f5es.<\/p>\n","protected":false},"excerpt":{"rendered":"<p>Porta cartoes de visita 4 aneis liderpapel capacidade 120 cartoes<\/p>\n","protected":false},"featured_media":124193,"comment_status":"closed","ping_status":"closed","template":"","meta":{"neve_meta_sidebar":"","neve_meta_container":"","neve_meta_enable_content_width":"off","neve_meta_content_width":0,"neve_meta_title_alignment":"","neve_meta_author_avatar":"","neve_post_elements_order":"","neve_meta_disable_header":"","neve_meta_disable_footer":"","neve_meta_disable_title":""},"product_brand":[],"product_cat":[1904],"product_tag":[1401],"class_list":{"0":"post-94964","1":"product","2":"type-product","3":"status-publish","4":"has-post-thumbnail","6":"product_cat-porta-cartoes-visita","7":"product_tag-porta-cartoes","9":"first","10":"instock","11":"taxable","12":"shipping-taxable","13":"purchasable","14":"product-type-simple"},"_links":{"self":[{"href":"https:\/\/ifoffice.pt\/index.php?rest_route=\/wp\/v2\/product\/94964","targetHints":{"allow":["GET"]}}],"collection":[{"href":"https:\/\/ifoffice.pt\/index.php?rest_route=\/wp\/v2\/product"}],"about":[{"href":"https:\/\/ifoffice.pt\/index.php?rest_route=\/wp\/v2\/types\/product"}],"replies":[{"embeddable":true,"href":"https:\/\/ifoffice.pt\/index.php?rest_route=%2Fwp%2Fv2%2Fcomments&post=94964"}],"wp:featuredmedia":[{"embeddable":true,"href":"https:\/\/ifoffice.pt\/index.php?rest_route=\/wp\/v2\/media\/124193"}],"wp:attachment":[{"href":"https:\/\/ifoffice.pt\/index.php?rest_route=%2Fwp%2Fv2%2Fmedia&parent=94964"}],"wp:term":[{"taxonomy":"product_brand","embeddable":true,"href":"https:\/\/ifoffice.pt\/index.php?rest_route=%2Fwp%2Fv2%2Fproduct_brand&post=94964"},{"taxonomy":"product_cat","embeddable":true,"href":"https:\/\/ifoffice.pt\/index.php?rest_route=%2Fwp%2Fv2%2Fproduct_cat&post=94964"},{"taxonomy":"product_tag","embeddable":true,"href":"https:\/\/ifoffice.pt\/index.php?rest_route=%2Fwp%2Fv2%2Fproduct_tag&post=94964"}],"curies":[{"name":"wp","href":"https:\/\/api.w.org\/{rel}","templated":true}]}}