{"id":94961,"date":"2021-01-22T22:57:34","date_gmt":"2021-01-22T22:57:34","guid":{"rendered":"https:\/\/ifoffice.pt\/produto\/import-placeholder-for-36122\/"},"modified":"2025-03-12T11:56:59","modified_gmt":"2025-03-12T11:56:59","slug":"porta-cartoes-visitaliderpapel-aneis-plastico-din-a4-capacidade400-unidades","status":"publish","type":"product","link":"https:\/\/ifoffice.pt\/?product=porta-cartoes-visitaliderpapel-aneis-plastico-din-a4-capacidade400-unidades","title":{"rendered":"Porta cartoes visitaliderpapel aneis plastico din a4 capacidade400 unidades"},"content":{"rendered":"<p>Porta cart\u00f5es de visita de polipropileno formato DIN A4. Com 20 bolsas, com 10 separadores de cores. Capacidade para 400 cart\u00f5es de visita. Cada bolsa tem 10 departamentos. 20 cart\u00f5es por folha. Medidas: 255 x 310 mm. O porta cart\u00f5es.<\/p>\n","protected":false},"excerpt":{"rendered":"<p>Porta cartoes visitaliderpapel aneis plastico din a4 capacidade400 unidades<\/p>\n","protected":false},"featured_media":124191,"comment_status":"closed","ping_status":"closed","template":"","meta":{"neve_meta_sidebar":"","neve_meta_container":"","neve_meta_enable_content_width":"off","neve_meta_content_width":0,"neve_meta_title_alignment":"","neve_meta_author_avatar":"","neve_post_elements_order":"","neve_meta_disable_header":"","neve_meta_disable_footer":"","neve_meta_disable_title":""},"product_brand":[],"product_cat":[1904],"product_tag":[1401],"class_list":{"0":"post-94961","1":"product","2":"type-product","3":"status-publish","4":"has-post-thumbnail","6":"product_cat-porta-cartoes-visita","7":"product_tag-porta-cartoes","9":"first","10":"outofstock","11":"taxable","12":"shipping-taxable","13":"purchasable","14":"product-type-simple"},"_links":{"self":[{"href":"https:\/\/ifoffice.pt\/index.php?rest_route=\/wp\/v2\/product\/94961","targetHints":{"allow":["GET"]}}],"collection":[{"href":"https:\/\/ifoffice.pt\/index.php?rest_route=\/wp\/v2\/product"}],"about":[{"href":"https:\/\/ifoffice.pt\/index.php?rest_route=\/wp\/v2\/types\/product"}],"replies":[{"embeddable":true,"href":"https:\/\/ifoffice.pt\/index.php?rest_route=%2Fwp%2Fv2%2Fcomments&post=94961"}],"wp:featuredmedia":[{"embeddable":true,"href":"https:\/\/ifoffice.pt\/index.php?rest_route=\/wp\/v2\/media\/124191"}],"wp:attachment":[{"href":"https:\/\/ifoffice.pt\/index.php?rest_route=%2Fwp%2Fv2%2Fmedia&parent=94961"}],"wp:term":[{"taxonomy":"product_brand","embeddable":true,"href":"https:\/\/ifoffice.pt\/index.php?rest_route=%2Fwp%2Fv2%2Fproduct_brand&post=94961"},{"taxonomy":"product_cat","embeddable":true,"href":"https:\/\/ifoffice.pt\/index.php?rest_route=%2Fwp%2Fv2%2Fproduct_cat&post=94961"},{"taxonomy":"product_tag","embeddable":true,"href":"https:\/\/ifoffice.pt\/index.php?rest_route=%2Fwp%2Fv2%2Fproduct_tag&post=94961"}],"curies":[{"name":"wp","href":"https:\/\/api.w.org\/{rel}","templated":true}]}}