{"id":94958,"date":"2021-01-22T22:57:34","date_gmt":"2021-01-22T22:57:34","guid":{"rendered":"https:\/\/ifoffice.pt\/produto\/import-placeholder-for-36125\/"},"modified":"2025-03-12T11:56:58","modified_gmt":"2025-03-12T11:56:58","slug":"capa-catalogo-liderpapel-com-aneis-plasticos-preto-2","status":"publish","type":"product","link":"https:\/\/ifoffice.pt\/?product=capa-catalogo-liderpapel-com-aneis-plasticos-preto-2","title":{"rendered":"Capa catalogo liderpapel com aneis plasticos preto"},"content":{"rendered":"<p>Fabricada em polipropileno. Bolsas de pl\u00e1stico, formato Din A4 que se organizam com 4 \u00edndices separadores de cores. Cor preta com 20 bolsas remov\u00edveis.<\/p>\n","protected":false},"excerpt":{"rendered":"<p>Capa catalogo liderpapel com aneis plasticos preto<\/p>\n","protected":false},"featured_media":124188,"comment_status":"closed","ping_status":"closed","template":"","meta":{"neve_meta_sidebar":"","neve_meta_container":"","neve_meta_enable_content_width":"off","neve_meta_content_width":0,"neve_meta_title_alignment":"","neve_meta_author_avatar":"","neve_post_elements_order":"","neve_meta_disable_header":"","neve_meta_disable_footer":"","neve_meta_disable_title":""},"product_brand":[],"product_cat":[1828],"product_tag":[785],"class_list":{"0":"post-94958","1":"product","2":"type-product","3":"status-publish","4":"has-post-thumbnail","6":"product_cat-capas-catalogo","7":"product_tag-din-a4-210-x-297-mm","9":"first","10":"outofstock","11":"taxable","12":"shipping-taxable","13":"purchasable","14":"product-type-simple"},"_links":{"self":[{"href":"https:\/\/ifoffice.pt\/index.php?rest_route=\/wp\/v2\/product\/94958","targetHints":{"allow":["GET"]}}],"collection":[{"href":"https:\/\/ifoffice.pt\/index.php?rest_route=\/wp\/v2\/product"}],"about":[{"href":"https:\/\/ifoffice.pt\/index.php?rest_route=\/wp\/v2\/types\/product"}],"replies":[{"embeddable":true,"href":"https:\/\/ifoffice.pt\/index.php?rest_route=%2Fwp%2Fv2%2Fcomments&post=94958"}],"wp:featuredmedia":[{"embeddable":true,"href":"https:\/\/ifoffice.pt\/index.php?rest_route=\/wp\/v2\/media\/124188"}],"wp:attachment":[{"href":"https:\/\/ifoffice.pt\/index.php?rest_route=%2Fwp%2Fv2%2Fmedia&parent=94958"}],"wp:term":[{"taxonomy":"product_brand","embeddable":true,"href":"https:\/\/ifoffice.pt\/index.php?rest_route=%2Fwp%2Fv2%2Fproduct_brand&post=94958"},{"taxonomy":"product_cat","embeddable":true,"href":"https:\/\/ifoffice.pt\/index.php?rest_route=%2Fwp%2Fv2%2Fproduct_cat&post=94958"},{"taxonomy":"product_tag","embeddable":true,"href":"https:\/\/ifoffice.pt\/index.php?rest_route=%2Fwp%2Fv2%2Fproduct_tag&post=94958"}],"curies":[{"name":"wp","href":"https:\/\/api.w.org\/{rel}","templated":true}]}}