{"id":94952,"date":"2021-01-22T22:57:33","date_gmt":"2021-01-22T22:57:33","guid":{"rendered":"https:\/\/ifoffice.pt\/produto\/import-placeholder-for-36134\/"},"modified":"2026-02-23T13:28:56","modified_gmt":"2026-02-23T13:28:56","slug":"aviso-plastico-q-connect-sinalizacao-piso-escorregadio","status":"publish","type":"product","link":"https:\/\/ifoffice.pt\/?product=aviso-plastico-q-connect-sinalizacao-piso-escorregadio","title":{"rendered":"Aviso plastico q-connect sinalizacao piso escorregadio"},"content":{"rendered":"<p>&#8220;Perigo! Piso escorregadio&#8221;. Homologado segundo RD 485\/1997. Medidas: 12 x 30,5 cm. Idiomas: Espanhol, Ingl\u00eas, Alem\u00e3o e Portugu\u00eas.<\/p>\n","protected":false},"excerpt":{"rendered":"<p>Aviso plastico q-connect sinalizacao piso escorregadio<\/p>\n","protected":false},"featured_media":124182,"comment_status":"closed","ping_status":"closed","template":"","meta":{"neve_meta_sidebar":"","neve_meta_container":"","neve_meta_enable_content_width":"","neve_meta_content_width":0,"neve_meta_title_alignment":"","neve_meta_author_avatar":"","neve_post_elements_order":"","neve_meta_disable_header":"","neve_meta_disable_footer":"","neve_meta_disable_title":""},"product_brand":[],"product_cat":[2181],"product_tag":[2451],"class_list":{"0":"post-94952","1":"product","2":"type-product","3":"status-publish","4":"has-post-thumbnail","6":"product_cat-letreiros","7":"product_tag-piso-escorregadio","9":"first","10":"instock","11":"sale","12":"taxable","13":"shipping-taxable","14":"purchasable","15":"product-type-simple"},"_links":{"self":[{"href":"https:\/\/ifoffice.pt\/index.php?rest_route=\/wp\/v2\/product\/94952","targetHints":{"allow":["GET"]}}],"collection":[{"href":"https:\/\/ifoffice.pt\/index.php?rest_route=\/wp\/v2\/product"}],"about":[{"href":"https:\/\/ifoffice.pt\/index.php?rest_route=\/wp\/v2\/types\/product"}],"replies":[{"embeddable":true,"href":"https:\/\/ifoffice.pt\/index.php?rest_route=%2Fwp%2Fv2%2Fcomments&post=94952"}],"wp:featuredmedia":[{"embeddable":true,"href":"https:\/\/ifoffice.pt\/index.php?rest_route=\/wp\/v2\/media\/124182"}],"wp:attachment":[{"href":"https:\/\/ifoffice.pt\/index.php?rest_route=%2Fwp%2Fv2%2Fmedia&parent=94952"}],"wp:term":[{"taxonomy":"product_brand","embeddable":true,"href":"https:\/\/ifoffice.pt\/index.php?rest_route=%2Fwp%2Fv2%2Fproduct_brand&post=94952"},{"taxonomy":"product_cat","embeddable":true,"href":"https:\/\/ifoffice.pt\/index.php?rest_route=%2Fwp%2Fv2%2Fproduct_cat&post=94952"},{"taxonomy":"product_tag","embeddable":true,"href":"https:\/\/ifoffice.pt\/index.php?rest_route=%2Fwp%2Fv2%2Fproduct_tag&post=94952"}],"curies":[{"name":"wp","href":"https:\/\/api.w.org\/{rel}","templated":true}]}}